{"id":734,"date":"2020-10-31T20:12:31","date_gmt":"2020-10-31T20:12:31","guid":{"rendered":"https:\/\/www.medoslo.no\/tkm\/?page_id=734"},"modified":"2020-11-24T13:20:04","modified_gmt":"2020-11-24T13:20:04","slug":"prisliste","status":"publish","type":"page","link":"https:\/\/www.medoslo.no\/tkm\/prisliste\/","title":{"rendered":"Prisliste"},"content":{"rendered":"<p>[et_pb_section fb_built=&#8221;1&#8243; admin_label=&#8221;Header&#8221; _builder_version=&#8221;4.6.5&#8243; _module_preset=&#8221;default&#8221; background_enable_image=&#8221;off&#8221; background_size=&#8221;contain&#8221;][et_pb_row column_structure=&#8221;2_5,3_5&#8243; _builder_version=&#8221;4.6.5&#8243; _module_preset=&#8221;default&#8221; use_background_color_gradient=&#8221;on&#8221; background_color_gradient_start=&#8221;rgba(0,0,0,0)&#8221; background_color_gradient_end=&#8221;#FFF6EE&#8221; background_color_gradient_direction=&#8221;90deg&#8221; background_color_gradient_start_position=&#8221;61%&#8221; background_color_gradient_end_position=&#8221;0%&#8221;][et_pb_column type=&#8221;2_5&#8243; _builder_version=&#8221;4.6.0&#8243; _module_preset=&#8221;default&#8221;][et_pb_text _builder_version=&#8221;4.6.6&#8243; _module_preset=&#8221;default&#8221; header_font=&#8221;|700|||||||&#8221; header_font_size=&#8221;68px&#8221; header_line_height=&#8221;1.2em&#8221; custom_margin=&#8221;||||false|false&#8221; header_font_size_tablet=&#8221;48px&#8221; header_font_size_phone=&#8221;32px&#8221; header_font_size_last_edited=&#8221;on|phone&#8221; header_line_height_tablet=&#8221;&#8221; header_line_height_phone=&#8221;1.4em&#8221; header_line_height_last_edited=&#8221;on|phone&#8221; locked=&#8221;off&#8221;]<\/p>\n<h1>Prisliste<\/h1>\n<p>[\/et_pb_text][et_pb_image src=&#8221;https:\/\/www.medoslo.no\/tkm\/wp-content\/uploads\/2020\/11\/girl-657753.jpg&#8221; title_text=&#8221;girl-657753&#8243; _builder_version=&#8221;4.6.6&#8243; _module_preset=&#8221;default&#8221;][\/et_pb_image][\/et_pb_column][et_pb_column type=&#8221;3_5&#8243; _builder_version=&#8221;4.6.0&#8243; _module_preset=&#8221;default&#8221;][et_pb_image src=&#8221;https:\/\/www.medoslo.no\/tkm\/wp-content\/uploads\/2020\/11\/kinesisk.jpg&#8221; title_text=&#8221;kinesisk&#8221; _builder_version=&#8221;4.6.6&#8243; _module_preset=&#8221;default&#8221; custom_margin=&#8221;|-10vw|||false|false&#8221; custom_margin_tablet=&#8221;|0vw|||false|false&#8221; custom_margin_phone=&#8221;&#8221; custom_margin_last_edited=&#8221;on|desktop&#8221;][\/et_pb_image][et_pb_text _builder_version=&#8221;4.7.3&#8243; _module_preset=&#8221;default&#8221; text_font=&#8221;||||||||&#8221; text_font_size=&#8221;16px&#8221; text_line_height=&#8221;1.5em&#8221; width=&#8221;80%&#8221; width_tablet=&#8221;100%&#8221; width_phone=&#8221;&#8221; width_last_edited=&#8221;on|tablet&#8221; module_alignment=&#8221;center&#8221; custom_margin=&#8221;80px||80px||true|false&#8221; custom_margin_tablet=&#8221;120px|0px||0px|false|false&#8221; custom_margin_last_edited=&#8221;off|desktop&#8221; hover_enabled=&#8221;0&#8243; text_font_size_tablet=&#8221;&#8221; text_font_size_phone=&#8221;14px&#8221; text_font_size_last_edited=&#8221;on|phone&#8221; locked=&#8221;off&#8221; sticky_enabled=&#8221;0&#8243;]<\/p>\n<p><span>Under finner du priser p\u00e5 en del av v\u00e5re behandlinger. <\/span><\/p>\n<p>Vi er en privatklinikk som ikke mottar st\u00f8nad eller refusjon fra det offentlige. Derfor betales alle utgifter forbundet med konsultasjon og behandling direkte av pasienten. Man vil heller ikke ha rett til refusjoner fra HELFO. Dette betyr at \u201cfrikort\u201d ikke gjelder. Ogs\u00e5 milit\u00e6re, yrkesskadde, barn og pensjonister m\u00e5 betale fulle egenandeler.<\/p>\n<p>Timen kan avbestilles inntil 24 timer f\u00f8r oppsatt time. Avbestilling m\u00e5 gj\u00f8res p\u00e5 virkedager (mandag til fredag).<\/p>\n<p>[\/et_pb_text][et_pb_button button_url=&#8221;https:\/\/naturecare.onlinebooq.net\/&#8221; button_text=&#8221;Bestill Time&#8221; button_alignment=&#8221;right&#8221; _builder_version=&#8221;4.7.0&#8243; _module_preset=&#8221;default&#8221; custom_button=&#8221;on&#8221; button_text_size=&#8221;16px&#8221; button_text_color=&#8221;#ffffff&#8221; button_bg_color=&#8221;#a9804a&#8221; button_border_color=&#8221;rgba(0,0,0,0)&#8221; button_border_radius=&#8221;0px&#8221; button_letter_spacing=&#8221;2px&#8221; button_font=&#8221;|700||on|||||&#8221; button_icon=&#8221;%%20%%&#8221; background_layout=&#8221;dark&#8221; custom_margin=&#8221;30px||50px||false|false&#8221; custom_margin_tablet=&#8221;50px||||false|false&#8221; custom_margin_phone=&#8221;80px||||false|false&#8221; custom_margin_last_edited=&#8221;on|phone&#8221; custom_padding=&#8221;15px|40px|15px|40px|true|true&#8221; locked=&#8221;off&#8221;][\/et_pb_button][\/et_pb_column][\/et_pb_row][et_pb_row _builder_version=&#8221;4.6.6&#8243;][et_pb_column type=&#8221;4_4&#8243; _builder_version=&#8221;3.27.3&#8243;][et_pb_text _builder_version=&#8221;4.6.6&#8243; _module_preset=&#8221;default&#8221;]<\/p>\n<p>Klikk p\u00e5 pluss tegnet for \u00e5 se prisene.<\/p>\n<p>[\/et_pb_text][et_pb_accordion open_toggle_text_color=&#8221;#747d88&#8243; open_toggle_background_color=&#8221;#ffffff&#8221; closed_toggle_background_color=&#8221;#fff6ee&#8221; icon_color=&#8221;#702c00&#8243; _builder_version=&#8221;4.7.0&#8243; toggle_text_color=&#8221;#747d88&#8243; toggle_level=&#8221;h4&#8243; toggle_font=&#8221;|600|||||||&#8221; toggle_line_height=&#8221;1.4em&#8221; body_font=&#8221;||||||||&#8221; body_text_color=&#8221;#747d88&#8243; background_color=&#8221;rgba(0,0,0,0)&#8221; border_width_all=&#8221;2px&#8221; border_color_all=&#8221;#e7f2ff&#8221; box_shadow_style=&#8221;preset1&#8243;][et_pb_accordion_item title=&#8221;Akupunktur&#8221; open_toggle_text_color=&#8221;#747d88&#8243; icon_color=&#8221;#a9804a&#8221; use_icon_font_size=&#8221;on&#8221; icon_font_size=&#8221;30px&#8221; content_last_edited=&#8221;off|phone&#8221; icon_color_tablet=&#8221;&#8221; icon_color_phone=&#8221;&#8221; icon_color_last_edited=&#8221;on|phone&#8221; _builder_version=&#8221;4.7.0&#8243; background_enable_color=&#8221;off&#8221; text_orientation=&#8221;left&#8221; toggle_text_color=&#8221;#747d88&#8243; toggle_font_size=&#8221;28px&#8221; toggle_font_size_tablet=&#8221;&#8221; toggle_font_size_phone=&#8221;24px&#8221; toggle_font_size_last_edited=&#8221;on|phone&#8221; open=&#8221;off&#8221;]<\/p>\n<table>\n<tbody>\n<tr>\n<td colspan=\"3\" style=\"background-color: #fff6ee;\"><span style=\"text-decoration: underline;\">Konsultasjon<\/span><\/td>\n<\/tr>\n<tr>\n<td>15 min<\/td>\n<td><\/td>\n<td>NOK 495<\/td>\n<\/tr>\n<tr>\n<td colspan=\"3\" style=\"background-color: #fff6ee;\"><span style=\"text-decoration: underline;\">Behandling<\/span><\/td>\n<\/tr>\n<tr>\n<td>25 min<\/td>\n<td><\/td>\n<td>NOK 595<\/td>\n<\/tr>\n<tr>\n<td>55 min<\/td>\n<td><\/td>\n<td>NOK 895<\/td>\n<\/tr>\n<tr>\n<td colspan=\"3\" style=\"background-color: #fff6ee;\"><span style=\"text-decoration: underline;\">Kosmetisk Akupunktur<\/span><\/td>\n<\/tr>\n<tr>\n<td>25 min<\/td>\n<td><\/td>\n<td>NOK 950<\/td>\n<\/tr>\n<\/tbody>\n<\/table>\n<p>[\/et_pb_accordion_item][et_pb_accordion_item title=&#8221;RF Behandling&#8221; open=&#8221;off&#8221; open_toggle_text_color=&#8221;#747d88&#8243; icon_color=&#8221;#a9804a&#8221; use_icon_font_size=&#8221;on&#8221; icon_font_size=&#8221;30px&#8221; content_last_edited=&#8221;off|desktop&#8221; icon_color_tablet=&#8221;&#8221; icon_color_phone=&#8221;&#8221; icon_color_last_edited=&#8221;on|phone&#8221; _builder_version=&#8221;4.6.6&#8243; background_enable_color=&#8221;off&#8221; text_orientation=&#8221;left&#8221; toggle_text_color=&#8221;#747d88&#8243; toggle_font_size=&#8221;28px&#8221; toggle_font_size_tablet=&#8221;&#8221; toggle_font_size_phone=&#8221;24px&#8221; toggle_font_size_last_edited=&#8221;on|phone&#8221;]<\/p>\n<table>\n<tbody>\n<tr>\n<td colspan=\"3\" style=\"background-color: #fff6ee;\"><span style=\"text-decoration: underline;\"><em>Behandling<\/em><\/span><\/td>\n<\/tr>\n<tr>\n<td>Per omr\u00e5de<\/td>\n<td><\/td>\n<td>NOK 1600<\/td>\n<\/tr>\n<tr>\n<td colspan=\"3\" style=\"background-color: #fff6ee;\"><span style=\"text-decoration: underline;\"><em>Klippekort<\/em><\/span><\/td>\n<\/tr>\n<tr>\n<td>10 Behandlinger<\/td>\n<td><\/td>\n<td>NOK 6800<\/td>\n<\/tr>\n<\/tbody>\n<\/table>\n<p>[\/et_pb_accordion_item][et_pb_accordion_item title=&#8221;Kavitasjon&#8221; open_toggle_text_color=&#8221;#747d88&#8243; icon_color=&#8221;#a9804a&#8221; use_icon_font_size=&#8221;on&#8221; icon_font_size=&#8221;30px&#8221; content_last_edited=&#8221;off|desktop&#8221; icon_color_tablet=&#8221;&#8221; icon_color_phone=&#8221;&#8221; icon_color_last_edited=&#8221;on|phone&#8221; _builder_version=&#8221;4.6.6&#8243; background_enable_color=&#8221;off&#8221; text_orientation=&#8221;left&#8221; toggle_text_color=&#8221;#747d88&#8243; toggle_font_size=&#8221;28px&#8221; toggle_font_size_tablet=&#8221;&#8221; toggle_font_size_phone=&#8221;24px&#8221; toggle_font_size_last_edited=&#8221;on|phone&#8221; open=&#8221;off&#8221;]<\/p>\n<table>\n<tbody>\n<tr>\n<td colspan=\"3\" style=\"background-color: #fff6ee;\"><span style=\"text-decoration: underline;\"><em>Behandling<\/em><\/span><\/td>\n<\/tr>\n<tr>\n<td>Per omr\u00e5de<\/td>\n<td><\/td>\n<td>NOK 1600<\/td>\n<\/tr>\n<tr>\n<td colspan=\"3\" style=\"background-color: #fff6ee;\"><span style=\"text-decoration: underline;\"><em>Klippekort<\/em><\/span><\/td>\n<\/tr>\n<tr>\n<td>10 Behandlinger<\/td>\n<td><\/td>\n<td>NOK 6800<\/td>\n<\/tr>\n<\/tbody>\n<\/table>\n<p>[\/et_pb_accordion_item][et_pb_accordion_item title=&#8221;Kopping&#8221; open_toggle_text_color=&#8221;#747d88&#8243; icon_color=&#8221;#a9804a&#8221; use_icon_font_size=&#8221;on&#8221; icon_font_size=&#8221;30px&#8221; content_last_edited=&#8221;off|desktop&#8221; icon_color_tablet=&#8221;&#8221; icon_color_phone=&#8221;&#8221; icon_color_last_edited=&#8221;on|phone&#8221; _builder_version=&#8221;4.6.6&#8243; background_enable_color=&#8221;off&#8221; text_orientation=&#8221;left&#8221; toggle_text_color=&#8221;#747d88&#8243; toggle_font_size=&#8221;28px&#8221; toggle_font_size_tablet=&#8221;&#8221; toggle_font_size_phone=&#8221;24px&#8221; toggle_font_size_last_edited=&#8221;on|phone&#8221; open=&#8221;off&#8221;]<\/p>\n<table>\n<tbody>\n<tr>\n<td colspan=\"3\" style=\"background-color: #fff6ee;\"><span style=\"text-decoration: underline;\"><em>Konsultasjon og behandling<\/em><\/span><\/td>\n<\/tr>\n<tr>\n<td>55 min<\/td>\n<td><\/td>\n<td>NOK 950<\/td>\n<\/tr>\n<\/tbody>\n<\/table>\n<p>[\/et_pb_accordion_item][et_pb_accordion_item title=&#8221;Kvinnens Helse&#8221; open_toggle_text_color=&#8221;#747d88&#8243; icon_color=&#8221;#a9804a&#8221; use_icon_font_size=&#8221;on&#8221; icon_font_size=&#8221;30px&#8221; content_last_edited=&#8221;off|desktop&#8221; icon_color_tablet=&#8221;&#8221; icon_color_phone=&#8221;&#8221; icon_color_last_edited=&#8221;on|phone&#8221; _builder_version=&#8221;4.6.6&#8243; _module_preset=&#8221;default&#8221; background_enable_color=&#8221;off&#8221; text_orientation=&#8221;left&#8221; toggle_text_color=&#8221;#747d88&#8243; toggle_font_size=&#8221;28px&#8221; toggle_font_size_tablet=&#8221;&#8221; toggle_font_size_phone=&#8221;24px&#8221; toggle_font_size_last_edited=&#8221;on|phone&#8221; open=&#8221;off&#8221;]** samme pris for hjemmebes\u00f8k i klinikkens n\u00e6romr\u00e5de<\/p>\n<table>\n<tbody>\n<tr>\n<td colspan=\"3\" style=\"background-color: #fff6ee;\"><span style=\"text-decoration: underline;\"><em>Behandling<\/em><\/span><\/td>\n<\/tr>\n<tr>\n<td>2 timer<\/td>\n<td><\/td>\n<td>NOK 1900<\/td>\n<\/tr>\n<tr>\n<td colspan=\"3\" style=\"background-color: #fff6ee;\"><span style=\"text-decoration: underline;\"><em>Klippekort 2 timers behandling<\/em><\/span><\/td>\n<\/tr>\n<tr>\n<td>10 Behandlinger<\/td>\n<td><\/td>\n<td>NOK 17000<\/td>\n<\/tr>\n<tr>\n<td>20 Behandlinger<\/td>\n<td><\/td>\n<td>NOK 28000<\/td>\n<\/tr>\n<\/tbody>\n<\/table>\n<p>[\/et_pb_accordion_item][et_pb_accordion_item title=&#8221;Mannens Helse&#8221; open_toggle_text_color=&#8221;#747d88&#8243; icon_color=&#8221;#a9804a&#8221; use_icon_font_size=&#8221;on&#8221; icon_font_size=&#8221;30px&#8221; content_tablet=&#8221;&#8221; content_phone=&#8221;&#8221; content_last_edited=&#8221;on|tablet&#8221; icon_color_tablet=&#8221;&#8221; icon_color_phone=&#8221;&#8221; icon_color_last_edited=&#8221;on|phone&#8221; _builder_version=&#8221;4.6.6&#8243; _module_preset=&#8221;default&#8221; background_enable_color=&#8221;off&#8221; text_orientation=&#8221;left&#8221; toggle_text_color=&#8221;#747d88&#8243; toggle_font_size=&#8221;28px&#8221; toggle_font_size_tablet=&#8221;&#8221; toggle_font_size_phone=&#8221;24px&#8221; toggle_font_size_last_edited=&#8221;on|phone&#8221; open=&#8221;off&#8221;]<\/p>\n<table>\n<tbody>\n<tr>\n<td colspan=\"3\" style=\"background-color: #fff6ee;\"><span style=\"text-decoration: underline;\"><em>Behandling<\/em><\/span><\/td>\n<\/tr>\n<tr>\n<td>55 min<\/td>\n<td><\/td>\n<td>NOK 950<\/td>\n<\/tr>\n<tr>\n<td>2 timer<\/td>\n<td><\/td>\n<td>NOK 1900<\/td>\n<\/tr>\n<tr>\n<td colspan=\"3\" style=\"background-color: #fff6ee;\"><span style=\"text-decoration: underline;\"><em>Klippekort 2 timers behandling<\/em><\/span><\/td>\n<\/tr>\n<tr>\n<td>10 Behandlinger<\/td>\n<td><\/td>\n<td>NOK 17000<\/td>\n<\/tr>\n<tr>\n<td>20 Behandlinger<\/td>\n<td><\/td>\n<td>NOK 28000<\/td>\n<\/tr>\n<\/tbody>\n<\/table>\n<p>[\/et_pb_accordion_item][et_pb_accordion_item title=&#8221;Massasje&#8221; open_toggle_text_color=&#8221;#747d88&#8243; icon_color=&#8221;#a9804a&#8221; use_icon_font_size=&#8221;on&#8221; icon_font_size=&#8221;30px&#8221; content_tablet=&#8221;&#8221; content_phone=&#8221;&#8221; content_last_edited=&#8221;on|phone&#8221; icon_color_tablet=&#8221;&#8221; icon_color_phone=&#8221;&#8221; icon_color_last_edited=&#8221;on|phone&#8221; _builder_version=&#8221;4.7.0&#8243; _module_preset=&#8221;default&#8221; background_enable_color=&#8221;off&#8221; text_orientation=&#8221;left&#8221; toggle_text_color=&#8221;#747d88&#8243; toggle_font_size=&#8221;28px&#8221; toggle_font_size_tablet=&#8221;&#8221; toggle_font_size_phone=&#8221;24px&#8221; toggle_font_size_last_edited=&#8221;on|phone&#8221; open=&#8221;off&#8221;]<\/p>\n<table>\n<tbody>\n<tr>\n<td colspan=\"3\" style=\"background-color: #fff6ee;\"><span style=\"text-decoration: underline;\"><em>Tui Na massasje<\/em><\/span><\/td>\n<\/tr>\n<tr>\n<td>25 min<\/td>\n<td><\/td>\n<td>NOK 595<\/td>\n<\/tr>\n<tr>\n<td>55 min<\/td>\n<td><\/td>\n<td>NOK 895<\/td>\n<\/tr>\n<tr>\n<td colspan=\"3\" style=\"background-color: #fff6ee;\"><span style=\"text-decoration: underline;\"><em>Yoga Stretch massasje<\/em><\/span><\/td>\n<\/tr>\n<tr>\n<td>55 min<\/td>\n<td><\/td>\n<td>NOK 950<\/td>\n<\/tr>\n<tr>\n<td colspan=\"3\" style=\"background-color: #fff6ee;\"><span style=\"text-decoration: underline;\"><em>Kinesisk massasje<\/em><\/span><\/td>\n<\/tr>\n<tr>\n<td>55 min<\/td>\n<td><\/td>\n<td>NOK 895<\/td>\n<\/tr>\n<tr>\n<td colspan=\"3\" style=\"background-color: #fff6ee;\"><span style=\"text-decoration: underline;\"><em>Akupressur massasje<\/em><\/span><\/td>\n<\/tr>\n<tr>\n<td>55 min<\/td>\n<td><\/td>\n<td>NOK 895<\/td>\n<\/tr>\n<tr>\n<td colspan=\"3\" style=\"background-color: #fff6ee;\"><span style=\"text-decoration: underline;\"><em>Terapeutisk massasje for reflekssone<\/em><\/span><\/td>\n<\/tr>\n<tr>\n<td>55 min<\/td>\n<td><\/td>\n<td>NOK 895<\/td>\n<\/tr>\n<tr>\n<td colspan=\"3\" style=\"background-color: #fff6ee;\"><span style=\"text-decoration: underline;\"><em>Terapeutisk massasje for kroniske sykdommer<\/em><\/span><\/td>\n<\/tr>\n<tr>\n<td>55 min<\/td>\n<td><\/td>\n<td>NOK 895<\/td>\n<\/tr>\n<tr>\n<td colspan=\"3\" style=\"background-color: #fff6ee;\"><span style=\"text-decoration: underline;\"><em>Svensk klassisk massasje<\/em><\/span><\/td>\n<\/tr>\n<tr>\n<td>55 min<\/td>\n<td><\/td>\n<td>NOK 895<\/td>\n<\/tr>\n<tr>\n<td colspan=\"3\" style=\"background-color: #fff6ee;\"><span style=\"text-decoration: underline;\"><em>Hodeakupunktur og senemassasje<\/em><\/span><\/td>\n<\/tr>\n<tr>\n<td>55 min<\/td>\n<td><\/td>\n<td>NOK 895<\/td>\n<\/tr>\n<tr>\n<td colspan=\"3\" style=\"background-color: #fff6ee;\"><span style=\"text-decoration: underline;\"><em>Ansiktsforyngelsesmassasje<\/em><\/span><\/td>\n<\/tr>\n<tr>\n<td>55 min<\/td>\n<td><\/td>\n<td>NOK 950<\/td>\n<\/tr>\n<tr>\n<td colspan=\"3\" style=\"background-color: #fff6ee;\"><span style=\"text-decoration: underline;\"><em>Kinesisk meridianoljemassasje<\/em><\/span><\/td>\n<\/tr>\n<tr>\n<td>55 min<\/td>\n<td><\/td>\n<td>NOK 950<\/td>\n<\/tr>\n<tr>\n<td colspan=\"3\" style=\"background-color: #fff6ee;\"><span style=\"text-decoration: underline;\"><em>Duo massasje<\/em><\/span><\/td>\n<\/tr>\n<tr>\n<td>60 min<\/td>\n<td><\/td>\n<td>NOK 1790<\/td>\n<\/tr>\n<\/tbody>\n<\/table>\n<p>[\/et_pb_accordion_item][et_pb_accordion_item title=&#8221;Skj\u00f8nnhetsbehandling&#8221; open_toggle_text_color=&#8221;#747d88&#8243; icon_color=&#8221;#a9804a&#8221; use_icon_font_size=&#8221;on&#8221; icon_font_size=&#8221;30px&#8221; content_tablet=&#8221;<\/p>\n<table>\n<tbody>\n<tr>\n<td colspan=%223%22 style=%22background-color: #fff6ee;%22><em><span style=%22text-decoration: underline;%22>Asiatisk Ansiktsuttrykk<\/span><\/em><\/td>\n<\/tr>\n<tr>\n<td>25 min<\/td>\n<td><\/td>\n<td>NOK 595<\/td>\n<\/tr>\n<tr>\n<td colspan=%223%22 style=%22background-color: #fff6ee;%22><span style=%22text-decoration: underline;%22><em>Asiatisk ansikts spa<\/em><\/span><\/td>\n<\/tr>\n<tr>\n<td>55 min<\/td>\n<td><\/td>\n<td>NOK 950<\/td>\n<\/tr>\n<tr>\n<td colspan=%223%22 style=%22background-color: #fff6ee;%22><span style=%22text-decoration: underline;%22><em>Asia Delux Ansiktspakke %223 in 1%22<\/em><\/span><\/td>\n<\/tr>\n<tr>\n<td>115 min<\/td>\n<td><\/td>\n<td>NOK 2250<\/td>\n<\/tr>\n<tr>\n<td colspan=%223%22><em>(Ansiktsuttrykk +55 min kroppsmassasje + ansikts RF behandling)<\/em><\/td>\n<\/tr>\n<\/tbody>\n<\/table>\n<p>&#8221; content_phone=&#8221;<\/p>\n<table>\n<tbody>\n<tr>\n<td colspan=%223%22 style=%22background-color: #fff6ee;%22><em><span style=%22text-decoration: underline;%22>Asiatisk Ansiktsuttrykk<\/span><\/em><\/td>\n<\/tr>\n<tr>\n<td>25 min<\/td>\n<td><\/td>\n<td>NOK 595<\/td>\n<\/tr>\n<tr>\n<td colspan=%223%22 style=%22background-color: #fff6ee;%22><span style=%22text-decoration: underline;%22><em>Asiatisk ansikts spa<\/em><\/span><\/td>\n<\/tr>\n<tr>\n<td>55 min<\/td>\n<td><\/td>\n<td>NOK 950<\/td>\n<\/tr>\n<tr>\n<td colspan=%223%22 style=%22background-color: #fff6ee;%22><span style=%22text-decoration: underline;%22><em>Asia Delux Ansiktspakke %223 in 1%22<\/em><\/span><\/td>\n<\/tr>\n<tr>\n<td>115 min<\/td>\n<td><\/td>\n<td>NOK 2250<\/td>\n<\/tr>\n<tr>\n<td colspan=%223%22><em>(Ansiktsuttrykk +55 min kroppsmassasje + ansikts RF behandling)<\/em><\/td>\n<\/tr>\n<\/tbody>\n<\/table>\n<p>&#8221; content_last_edited=&#8221;on|phone&#8221; icon_color_tablet=&#8221;&#8221; icon_color_phone=&#8221;&#8221; icon_color_last_edited=&#8221;on|phone&#8221; _builder_version=&#8221;4.6.6&#8243; _module_preset=&#8221;default&#8221; background_enable_color=&#8221;off&#8221; text_orientation=&#8221;left&#8221; toggle_text_color=&#8221;#747d88&#8243; toggle_font_size=&#8221;28px&#8221; toggle_font_size_tablet=&#8221;&#8221; toggle_font_size_phone=&#8221;24px&#8221; toggle_font_size_last_edited=&#8221;on|phone&#8221; open=&#8221;on&#8221;]<\/p>\n<table>\n<tbody>\n<tr>\n<td colspan=\"3\" style=\"background-color: #fff6ee;\"><span style=\"text-decoration: underline;\"><em>Asiatisk Ansiktsuttrykk<\/em><\/span><\/td>\n<\/tr>\n<tr>\n<td>25 min<\/td>\n<td><\/td>\n<td>NOK 595<\/td>\n<\/tr>\n<tr>\n<td colspan=\"3\" style=\"background-color: #fff6ee;\"><span style=\"text-decoration: underline;\"><em>Asiatisk ansikts spa<\/em><\/span><\/td>\n<\/tr>\n<tr>\n<td>55 min<\/td>\n<td><\/td>\n<td>NOK 950<\/td>\n<\/tr>\n<tr>\n<td colspan=\"3\" style=\"background-color: #fff6ee;\"><span style=\"text-decoration: underline;\"><em>Asia Delux Ansiktspakke &#8220;3 in 1&#8221;<\/em><\/span><\/td>\n<\/tr>\n<tr>\n<td>115 min<\/td>\n<td><\/td>\n<td>NOK 2250<\/td>\n<\/tr>\n<tr>\n<td colspan=\"3\">(Ansiktsuttrykk +55 min kroppsmassasje + ansikts RF behandling)<\/td>\n<\/tr>\n<\/tbody>\n<\/table>\n<p>[\/et_pb_accordion_item][et_pb_accordion_item title=&#8221;Soneterapi&#8221; open_toggle_text_color=&#8221;#747d88&#8243; icon_color=&#8221;#a9804a&#8221; use_icon_font_size=&#8221;on&#8221; icon_font_size=&#8221;30px&#8221; content_tablet=&#8221;<\/p>\n<table>\n<tbody>\n<tr>\n<td colspan=%223%22 style=%22background-color: #fff6ee;%22><span style=%22text-decoration: underline;%22><em>Behandling<\/em><\/span><\/td>\n<\/tr>\n<tr>\n<td>55 min<\/td>\n<td><\/td>\n<td>NOK 895<\/td>\n<\/tr>\n<\/tbody>\n<\/table>\n<p>&#8221; content_phone=&#8221;<\/p>\n<table>\n<tbody>\n<tr>\n<td colspan=%223%22 style=%22background-color: #fff6ee;%22><span style=%22text-decoration: underline;%22><em>Behandling<\/em><\/span><\/td>\n<\/tr>\n<tr>\n<td>55 min<\/td>\n<td><\/td>\n<td>NOK 895<\/td>\n<\/tr>\n<\/tbody>\n<\/table>\n<p>&#8221; content_last_edited=&#8221;off|desktop&#8221; icon_color_tablet=&#8221;&#8221; icon_color_phone=&#8221;&#8221; icon_color_last_edited=&#8221;on|phone&#8221; _builder_version=&#8221;4.6.6&#8243; _module_preset=&#8221;default&#8221; background_enable_color=&#8221;off&#8221; text_orientation=&#8221;left&#8221; toggle_text_color=&#8221;#747d88&#8243; toggle_font_size=&#8221;28px&#8221; toggle_font_size_tablet=&#8221;&#8221; toggle_font_size_phone=&#8221;24px&#8221; toggle_font_size_last_edited=&#8221;on|phone&#8221; open=&#8221;off&#8221;]<\/p>\n<table>\n<tbody>\n<tr>\n<td colspan=\"3\" style=\"background-color: #fff6ee;\"><span style=\"text-decoration: underline;\"><em>Behandling<\/em><\/span><\/td>\n<\/tr>\n<tr>\n<td>55 min<\/td>\n<td><\/td>\n<td>NOK 895<\/td>\n<\/tr>\n<\/tbody>\n<\/table>\n<p>[\/et_pb_accordion_item][\/et_pb_accordion][\/et_pb_column][\/et_pb_row][\/et_pb_section]<\/p>\n","protected":false},"excerpt":{"rendered":"<p>PrislisteUnder finner du priser p\u00e5 en del av v\u00e5re behandlinger. Vi er en privatklinikk som ikke mottar st\u00f8nad eller refusjon fra det offentlige. Derfor betales alle utgifter forbundet med konsultasjon og behandling direkte av pasienten. Man vil heller ikke ha rett til refusjoner fra HELFO. Dette betyr at \u201cfrikort\u201d ikke gjelder. Ogs\u00e5 milit\u00e6re, yrkesskadde, barn [&hellip;]<\/p>\n","protected":false},"author":1,"featured_media":0,"parent":0,"menu_order":0,"comment_status":"closed","ping_status":"closed","template":"","meta":{"_et_pb_use_builder":"on","_et_pb_old_content":"","_et_gb_content_width":""},"_links":{"self":[{"href":"https:\/\/www.medoslo.no\/tkm\/wp-json\/wp\/v2\/pages\/734"}],"collection":[{"href":"https:\/\/www.medoslo.no\/tkm\/wp-json\/wp\/v2\/pages"}],"about":[{"href":"https:\/\/www.medoslo.no\/tkm\/wp-json\/wp\/v2\/types\/page"}],"author":[{"embeddable":true,"href":"https:\/\/www.medoslo.no\/tkm\/wp-json\/wp\/v2\/users\/1"}],"replies":[{"embeddable":true,"href":"https:\/\/www.medoslo.no\/tkm\/wp-json\/wp\/v2\/comments?post=734"}],"version-history":[{"count":65,"href":"https:\/\/www.medoslo.no\/tkm\/wp-json\/wp\/v2\/pages\/734\/revisions"}],"predecessor-version":[{"id":1377,"href":"https:\/\/www.medoslo.no\/tkm\/wp-json\/wp\/v2\/pages\/734\/revisions\/1377"}],"wp:attachment":[{"href":"https:\/\/www.medoslo.no\/tkm\/wp-json\/wp\/v2\/media?parent=734"}],"curies":[{"name":"wp","href":"https:\/\/api.w.org\/{rel}","templated":true}]}}