{"id":626,"date":"2020-10-02T20:12:20","date_gmt":"2020-10-02T20:12:20","guid":{"rendered":"https:\/\/www.medoslo.no\/tkm\/?page_id=626"},"modified":"2020-11-04T20:50:21","modified_gmt":"2020-11-04T20:50:21","slug":"hva-kan-behandles","status":"publish","type":"page","link":"https:\/\/www.medoslo.no\/tkm\/hva-kan-behandles\/","title":{"rendered":"Hva-Kan-Behandles"},"content":{"rendered":"<p>[et_pb_section fb_built=&#8221;1&#8243; _builder_version=&#8221;4.6.5&#8243; _module_preset=&#8221;default&#8221; background_image=&#8221;https:\/\/www.medoslo.no\/tkm\/wp-content\/uploads\/2020\/10\/portrait-2218882x.jpg&#8221; parallax=&#8221;on&#8221; min_height=&#8221;90%&#8221;][et_pb_row _builder_version=&#8221;4.6.5&#8243; _module_preset=&#8221;default&#8221;][et_pb_column type=&#8221;4_4&#8243; _builder_version=&#8221;4.6.5&#8243; _module_preset=&#8221;default&#8221;][et_pb_text _builder_version=&#8221;4.6.5&#8243; _module_preset=&#8221;default&#8221; header_font=&#8221;|700|||||||&#8221; header_text_color=&#8221;#ffffff&#8221; background_color=&#8221;rgba(0,0,0,0)&#8221; header_text_shadow_style=&#8221;preset4&#8243; header_text_shadow_horizontal_length=&#8221;0.07em&#8221; header_text_shadow_vertical_length=&#8221;0.05em&#8221; header_text_shadow_color=&#8221;#85a364&#8243;]<\/p>\n<h1 style=\"text-align: center;\">&#8211; Hva Kan Behandles &#8211;<\/h1>\n<p>[\/et_pb_text][\/et_pb_column][\/et_pb_row][\/et_pb_section][et_pb_section fb_built=&#8221;1&#8243; _builder_version=&#8221;4.6.5&#8243; _module_preset=&#8221;default&#8221; custom_padding=&#8221;||0px|||&#8221;][et_pb_row _builder_version=&#8221;4.6.5&#8243; _module_preset=&#8221;default&#8221;][et_pb_column type=&#8221;4_4&#8243; _builder_version=&#8221;4.6.5&#8243; _module_preset=&#8221;default&#8221;][et_pb_text _builder_version=&#8221;4.6.5&#8243; _module_preset=&#8221;default&#8221; header_2_font=&#8221;|700|||||||&#8221; header_2_text_color=&#8221;#747d88&#8243;]<\/p>\n<h2 style=\"text-align: center;\">Eksempler p\u00e5 hva vi kan hjelpe\u00a0deg med<\/h2>\n<p style=\"text-align: center;\">Nedenfor ser du en rekke lidelser og sykdommer, som vi har\u00a0gode erfaringer med \u00e5 behandle med akupunktur og annen\u00a0tradisjonell kinesisk medisin. V\u00e5r behandling kommer som tillegg\u00a0til vestlig medisin og m\u00e5 aldri erstatte legebehandling. V\u00e5r\u00a0behandling inng\u00e5r ofte som ledd i teambehandling ledet av\u00a0nevrolog Monica Drottning-R\u00f8nne. Listen er ikke utt\u00f8mmende,\u00a0s\u00e5 har du sp\u00f8rsm\u00e5l om hvorvidt vi kan hjelpe med nettopp din\u00a0situasjon, er du meget velkommen til at\u00a0kontakte oss.<\/p>\n<p>[\/et_pb_text][\/et_pb_column][\/et_pb_row][\/et_pb_section][et_pb_section fb_built=&#8221;1&#8243; prev_background_color=&#8221;#ffffff&#8221; _builder_version=&#8221;4.6.5&#8243; _module_preset=&#8221;default&#8221; background_color=&#8221;#dbedd9&#8243; custom_padding=&#8221;180px|||||&#8221; top_divider_style=&#8221;wave2&#8243; top_divider_height=&#8221;200px&#8221;][et_pb_row column_structure=&#8221;1_4,1_4,1_4,1_4&#8243; use_custom_gutter=&#8221;on&#8221; gutter_width=&#8221;2&#8243; _builder_version=&#8221;4.6.5&#8243; _module_preset=&#8221;default&#8221; background_color=&#8221;#ffffff&#8221; width=&#8221;90%&#8221; custom_padding=&#8221;5%|2%|5%|2%|false|false&#8221; animation_style=&#8221;fade&#8221; animation_speed_curve=&#8221;ease-in&#8221; hover_transition_speed_curve=&#8221;ease-in-out&#8221;][et_pb_column type=&#8221;1_4&#8243; _builder_version=&#8221;4.6.5&#8243; _module_preset=&#8221;default&#8221; background_color=&#8221;rgba(0,0,0,0)&#8221;][et_pb_image src=&#8221;https:\/\/www.medoslo.no\/tkm\/wp-content\/uploads\/2020\/11\/YinYang100.jpg&#8221; alt=&#8221;YinYang&#8221; title_text=&#8221;YinYang100&#8243; align=&#8221;center&#8221; _builder_version=&#8221;4.6.6&#8243; _module_preset=&#8221;default&#8221;][\/et_pb_image][et_pb_text _builder_version=&#8221;4.6.5&#8243; _module_preset=&#8221;default&#8221; header_4_font=&#8221;|700|||||||&#8221; header_4_text_color=&#8221;#747d88&#8243; header_4_line_height=&#8221;1.4em&#8221;]<\/p>\n<h4 style=\"text-align: center;\">Smerter i Skjelett og Muskulatur<\/h4>\n<p>[\/et_pb_text][et_pb_text _builder_version=&#8221;4.6.5&#8243; _module_preset=&#8221;default&#8221; text_font=&#8221;|600|||||||&#8221; text_text_color=&#8221;#747d88&#8243; text_font_size=&#8221;16px&#8221; text_line_height=&#8221;1.4em&#8221; custom_padding=&#8221;||0px|||&#8221; text_font_size_last_edited=&#8221;off|desktop&#8221;]<\/p>\n<p style=\"text-align: center;\">Fibromyalgi<br \/> Frossen skulder<br \/> Hoftesmerter<br \/> H\u00e6lspore<br \/> Karpaltunnelsyndrom<br \/> Leddgikt<br \/> Nakke- og skuldersmerter<br \/> Nakkesleng<br \/> Nervesmerter<br \/> Ryggsmerter<br \/> Seneskjedebetennelse<br \/> Slitasjegikt<br \/> Sportsskader mm.<br \/> Tennisalbue<\/p>\n<p style=\"text-align: center;\">[\/et_pb_text][et_pb_image src=&#8221;https:\/\/www.medoslo.no\/tkm\/wp-content\/uploads\/2020\/11\/YinYang100.jpg&#8221; alt=&#8221;YinYang&#8221; title_text=&#8221;YinYang100&#8243; align=&#8221;center&#8221; _builder_version=&#8221;4.6.6&#8243; _module_preset=&#8221;default&#8221;][\/et_pb_image][et_pb_text _builder_version=&#8221;4.6.5&#8243; _module_preset=&#8221;default&#8221; header_4_font=&#8221;|700|||||||&#8221; header_4_text_color=&#8221;#747d88&#8243; header_4_line_height=&#8221;1.4em&#8221;]<\/p>\n<h4 style=\"text-align: center;\">Hudlidelser<\/h4>\n<p>[\/et_pb_text][et_pb_text _builder_version=&#8221;4.6.5&#8243; _module_preset=&#8221;default&#8221; text_font=&#8221;|600|||||||&#8221; text_text_color=&#8221;#747d88&#8243; text_font_size=&#8221;16px&#8221; text_line_height=&#8221;1.4em&#8221; custom_padding=&#8221;||0px|||&#8221; text_font_size_last_edited=&#8221;off|desktop&#8221;]<\/p>\n<p style=\"text-align: center;\">Akne og kviser<br \/> Arr<br \/> Eksem<br \/> Elveblest m.m<br \/> Helvetesild<br \/> Kl\u00f8e<br \/> Psoriasis<\/p>\n<p>[\/et_pb_text][et_pb_image src=&#8221;https:\/\/www.medoslo.no\/tkm\/wp-content\/uploads\/2020\/11\/YinYang100.jpg&#8221; alt=&#8221;YinYang&#8221; title_text=&#8221;YinYang100&#8243; align=&#8221;center&#8221; _builder_version=&#8221;4.6.6&#8243; _module_preset=&#8221;default&#8221;][\/et_pb_image][et_pb_text _builder_version=&#8221;4.6.5&#8243; _module_preset=&#8221;default&#8221; header_4_font=&#8221;|700|||||||&#8221; header_4_text_color=&#8221;#747d88&#8243; header_4_line_height=&#8221;1.4em&#8221;]<\/p>\n<h4 style=\"text-align: center;\">Avhengighet<\/h4>\n<p>[\/et_pb_text][et_pb_text _builder_version=&#8221;4.6.5&#8243; _module_preset=&#8221;default&#8221; text_font=&#8221;|600|||||||&#8221; text_text_color=&#8221;#747d88&#8243; text_font_size=&#8221;16px&#8221; text_line_height=&#8221;1.4em&#8221; custom_padding=&#8221;||0px|||&#8221; text_font_size_last_edited=&#8221;off|desktop&#8221;]<\/p>\n<p style=\"text-align: center;\">Alkohol<br \/> Medisin<br \/> Mat<br \/> Narkotika<br \/> Sigaretter<\/p>\n<p>[\/et_pb_text][\/et_pb_column][et_pb_column type=&#8221;1_4&#8243; _builder_version=&#8221;4.6.5&#8243; _module_preset=&#8221;default&#8221;][et_pb_image src=&#8221;https:\/\/www.medoslo.no\/tkm\/wp-content\/uploads\/2020\/11\/YinYang100.jpg&#8221; alt=&#8221;YinYang&#8221; title_text=&#8221;YinYang100&#8243; align=&#8221;center&#8221; _builder_version=&#8221;4.6.6&#8243; _module_preset=&#8221;default&#8221;][\/et_pb_image][et_pb_text _builder_version=&#8221;4.6.5&#8243; _module_preset=&#8221;default&#8221; header_4_font=&#8221;|700|||||||&#8221; header_4_text_color=&#8221;#747d88&#8243; header_4_line_height=&#8221;1.4em&#8221;]<\/p>\n<h4 style=\"text-align: center;\">Sanser &#8211; Bedring av Funksjon<\/h4>\n<p>[\/et_pb_text][et_pb_text _builder_version=&#8221;4.6.5&#8243; _module_preset=&#8221;default&#8221; text_font=&#8221;|600|||||||&#8221; text_text_color=&#8221;#747d88&#8243; text_font_size=&#8221;16px&#8221; text_line_height=&#8221;1.4em&#8221; custom_padding=&#8221;||0px|||&#8221; text_font_size_last_edited=&#8221;off|desktop&#8221;]<\/p>\n<p style=\"text-align: center;\">Ansiktsmerter<br \/>\nGr\u00e5 st\u00e6r og gr\u00f8nn st\u00e6r<br \/>\nNedsatt h\u00f8rsel<br \/>\nNedsatt luktesans<br \/>\nNedsatt smaksans<br \/>\nNedsatt syn<br \/>\nNummenhet m.m.<br \/>\nSnorking<br \/>\nTinnitus (\u00d8resus)<\/p>\n<p style=\"text-align: center;\">[\/et_pb_text][et_pb_image src=&#8221;https:\/\/www.medoslo.no\/tkm\/wp-content\/uploads\/2020\/11\/YinYang100.jpg&#8221; alt=&#8221;YinYang&#8221; title_text=&#8221;YinYang100&#8243; align=&#8221;center&#8221; _builder_version=&#8221;4.6.6&#8243; _module_preset=&#8221;default&#8221;][\/et_pb_image][et_pb_text _builder_version=&#8221;4.6.5&#8243; _module_preset=&#8221;default&#8221; header_4_font=&#8221;|700|||||||&#8221; header_4_text_color=&#8221;#747d88&#8243; header_4_line_height=&#8221;1.4em&#8221;]<\/p>\n<h4 style=\"text-align: center;\">Ford\u00f8yelsen<\/h4>\n<p>[\/et_pb_text][et_pb_text _builder_version=&#8221;4.6.5&#8243; _module_preset=&#8221;default&#8221; text_font=&#8221;|600|||||||&#8221; text_text_color=&#8221;#747d88&#8243; text_font_size=&#8221;16px&#8221; text_line_height=&#8221;1.4em&#8221; custom_padding=&#8221;||0px|||&#8221; text_font_size_last_edited=&#8221;off|desktop&#8221;]<\/p>\n<p style=\"text-align: center;\">Appetittl\u00f8shet<br \/> Colitt (Tykktarmsbetennelse)<br \/> Diarr\u00e9<br \/> Forstoppelse<br \/> Gallestenssmerter<br \/> H\u00f8y magesyreJernmangel<br \/> Kvalme og oppkast<br \/> Luft i magen<br \/> Magesmerter<br \/> Malobsorpsjon<br \/> Spiseforstyrrelser<\/p>\n<p>[\/et_pb_text][et_pb_image src=&#8221;https:\/\/www.medoslo.no\/tkm\/wp-content\/uploads\/2020\/11\/YinYang100.jpg&#8221; alt=&#8221;YinYang&#8221; title_text=&#8221;YinYang100&#8243; align=&#8221;center&#8221; _builder_version=&#8221;4.6.6&#8243; _module_preset=&#8221;default&#8221;][\/et_pb_image][et_pb_text _builder_version=&#8221;4.6.5&#8243; _module_preset=&#8221;default&#8221; header_4_font=&#8221;|700|||||||&#8221; header_4_text_color=&#8221;#747d88&#8243; header_4_line_height=&#8221;1.4em&#8221;]<\/p>\n<h4 style=\"text-align: center;\">Psykisk og generell helse<\/h4>\n<p>[\/et_pb_text][et_pb_text _builder_version=&#8221;4.6.5&#8243; _module_preset=&#8221;default&#8221; text_font=&#8221;|600|||||||&#8221; text_text_color=&#8221;#747d88&#8243; text_font_size=&#8221;16px&#8221; text_line_height=&#8221;1.4em&#8221; custom_padding=&#8221;||0px|||&#8221; text_font_size_last_edited=&#8221;off|desktop&#8221;]<\/p>\n<p style=\"text-align: center;\">Angst<br \/> Depresjon<br \/> Rastl\u00f8shet<br \/> Stress<br \/> S\u00f8vnproblemer<br \/> Tvangslidelser<br \/> Utmattelse<\/p>\n<p>[\/et_pb_text][\/et_pb_column][et_pb_column type=&#8221;1_4&#8243; _builder_version=&#8221;4.6.5&#8243; _module_preset=&#8221;default&#8221;][et_pb_image src=&#8221;https:\/\/www.medoslo.no\/tkm\/wp-content\/uploads\/2020\/11\/YinYang100.jpg&#8221; alt=&#8221;YinYang&#8221; title_text=&#8221;YinYang100&#8243; align=&#8221;center&#8221; _builder_version=&#8221;4.6.6&#8243; _module_preset=&#8221;default&#8221;][\/et_pb_image][et_pb_text _builder_version=&#8221;4.6.5&#8243; _module_preset=&#8221;default&#8221; header_4_font=&#8221;|700|||||||&#8221; header_4_text_color=&#8221;#747d88&#8243; header_4_line_height=&#8221;1.4em&#8221;]<\/p>\n<h4 style=\"text-align: center;\">Nervesystemet<\/h4>\n<p>[\/et_pb_text][et_pb_text _builder_version=&#8221;4.6.5&#8243; _module_preset=&#8221;default&#8221; text_font=&#8221;|600|||||||&#8221; text_text_color=&#8221;#747d88&#8243; text_font_size=&#8221;16px&#8221; text_line_height=&#8221;1.4em&#8221; custom_padding=&#8221;||0px|||&#8221; text_font_size_last_edited=&#8221;off|desktop&#8221;]<\/p>\n<p style=\"text-align: center;\">Depresjon<br \/>\nFacialisparese<br \/>\nHodepine<br \/>\nKramper<br \/>\nMigrene<br \/>\nSvimmelhet<br \/>\nS\u00f8vnproblemer<br \/>\nTicks<br \/>\nTrigeminusneuralgi<br \/>\nUro og stress<br \/>\nUtmattelse<\/p>\n<p style=\"text-align: center;\">[\/et_pb_text][et_pb_image src=&#8221;https:\/\/www.medoslo.no\/tkm\/wp-content\/uploads\/2020\/11\/YinYang100.jpg&#8221; alt=&#8221;YinYang&#8221; title_text=&#8221;YinYang100&#8243; align=&#8221;center&#8221; _builder_version=&#8221;4.6.6&#8243; _module_preset=&#8221;default&#8221;][\/et_pb_image][et_pb_text _builder_version=&#8221;4.6.5&#8243; _module_preset=&#8221;default&#8221; header_4_font=&#8221;|700|||||||&#8221; header_4_text_color=&#8221;#747d88&#8243; header_4_line_height=&#8221;1.4em&#8221;]<\/p>\n<h4 style=\"text-align: center;\">Forstyrrelser i Kretsl\u00f8pet<\/h4>\n<p>[\/et_pb_text][et_pb_text _builder_version=&#8221;4.6.5&#8243; _module_preset=&#8221;default&#8221; text_font=&#8221;|600|||||||&#8221; text_text_color=&#8221;#747d88&#8243; text_font_size=&#8221;16px&#8221; text_line_height=&#8221;1.4em&#8221; custom_padding=&#8221;||0px|||&#8221; text_font_size_last_edited=&#8221;off|desktop&#8221;]<\/p>\n<p style=\"text-align: center;\">H\u00f8yt blodtrykk<br \/> Lavt blodtrykk<br \/> Lip\u00f8dem<br \/> Lymf\u00f8dem<br \/> Rytmeforstyrrelser<br \/> \u00c5reknuter<\/p>\n<p>[\/et_pb_text][et_pb_image src=&#8221;https:\/\/www.medoslo.no\/tkm\/wp-content\/uploads\/2020\/11\/YinYang100.jpg&#8221; alt=&#8221;YinYang&#8221; title_text=&#8221;YinYang100&#8243; align=&#8221;center&#8221; _builder_version=&#8221;4.6.6&#8243; _module_preset=&#8221;default&#8221;][\/et_pb_image][et_pb_text _builder_version=&#8221;4.6.5&#8243; _module_preset=&#8221;default&#8221; header_4_font=&#8221;|700|||||||&#8221; header_4_text_color=&#8221;#747d88&#8243; header_4_line_height=&#8221;1.4em&#8221;]<\/p>\n<h4 style=\"text-align: center;\">Urinveier<\/h4>\n<p>[\/et_pb_text][et_pb_text _builder_version=&#8221;4.6.5&#8243; _module_preset=&#8221;default&#8221; text_font=&#8221;|600|||||||&#8221; text_text_color=&#8221;#747d88&#8243; text_font_size=&#8221;16px&#8221; text_line_height=&#8221;1.4em&#8221; custom_padding=&#8221;||0px|||&#8221; text_font_size_last_edited=&#8221;off|desktop&#8221;]<\/p>\n<p style=\"text-align: center;\">Hyppig bl\u00e6rekatarr<br \/>\nHyppig nyrebekkenbetennelse<br \/>\nHyppig vannlating<br \/>\nInkontinens<br \/>\nNyrestensgrus<\/p>\n<p>[\/et_pb_text][\/et_pb_column][et_pb_column type=&#8221;1_4&#8243; _builder_version=&#8221;4.6.5&#8243; _module_preset=&#8221;default&#8221;][et_pb_image src=&#8221;https:\/\/www.medoslo.no\/tkm\/wp-content\/uploads\/2020\/11\/YinYang100.jpg&#8221; alt=&#8221;YinYang&#8221; title_text=&#8221;YinYang100&#8243; align=&#8221;center&#8221; _builder_version=&#8221;4.6.6&#8243; _module_preset=&#8221;default&#8221;][\/et_pb_image][et_pb_text _builder_version=&#8221;4.6.5&#8243; _module_preset=&#8221;default&#8221; header_4_font=&#8221;|700|||||||&#8221; header_4_text_color=&#8221;#747d88&#8243; header_4_line_height=&#8221;1.4em&#8221;]<\/p>\n<h4 style=\"text-align: center;\">Luftveiene<\/h4>\n<p>[\/et_pb_text][et_pb_text _builder_version=&#8221;4.6.5&#8243; _module_preset=&#8221;default&#8221; text_font=&#8221;|600|||||||&#8221; text_text_color=&#8221;#747d88&#8243; text_font_size=&#8221;16px&#8221; text_line_height=&#8221;1.4em&#8221; custom_padding=&#8221;||0px|||&#8221; text_font_size_last_edited=&#8221;off|desktop&#8221;]<\/p>\n<p style=\"text-align: center;\">Astma<br \/>Bihulebetennelse<br \/>Forkj\u00f8lelse<br \/>Lungebetennelse og bronkitt<br \/>Munninfeksjoner m.m.<\/p>\n<p style=\"text-align: center;\">\n<p>[\/et_pb_text][et_pb_image src=&#8221;https:\/\/www.medoslo.no\/tkm\/wp-content\/uploads\/2020\/11\/YinYang100.jpg&#8221; alt=&#8221;YinYang&#8221; title_text=&#8221;YinYang100&#8243; align=&#8221;center&#8221; _builder_version=&#8221;4.6.6&#8243; _module_preset=&#8221;default&#8221;][\/et_pb_image][et_pb_text _builder_version=&#8221;4.6.5&#8243; _module_preset=&#8221;default&#8221; header_4_font=&#8221;|700|||||||&#8221; header_4_text_color=&#8221;rgba(116,125,136,0.72)&#8221; header_4_line_height=&#8221;1.4em&#8221;]<\/p>\n<h4 style=\"text-align: center;\">Allergier<\/h4>\n<p>[\/et_pb_text][et_pb_text _builder_version=&#8221;4.6.5&#8243; _module_preset=&#8221;default&#8221; text_font=&#8221;|600|||||||&#8221; text_text_color=&#8221;#747d88&#8243; text_font_size=&#8221;16px&#8221; text_line_height=&#8221;1.4em&#8221; custom_padding=&#8221;||0px|||&#8221; text_font_size_last_edited=&#8221;off|desktop&#8221;]<\/p>\n<p style=\"text-align: center;\">Allergier<br \/> Eksem mm<br \/> Matvareallergi<\/p>\n<p style=\"text-align: center;\">[\/et_pb_text][et_pb_image src=&#8221;https:\/\/www.medoslo.no\/tkm\/wp-content\/uploads\/2020\/11\/YinYang100.jpg&#8221; alt=&#8221;YinYang&#8221; title_text=&#8221;YinYang100&#8243; align=&#8221;center&#8221; _builder_version=&#8221;4.6.6&#8243; _module_preset=&#8221;default&#8221;][\/et_pb_image][et_pb_text _builder_version=&#8221;4.6.5&#8243; _module_preset=&#8221;default&#8221; header_4_font=&#8221;|700|||||||&#8221; header_4_text_color=&#8221;#747d88&#8243; header_4_line_height=&#8221;1.4em&#8221;]<\/p>\n<h4 style=\"text-align: center;\">Mor &#8211; Barn &#8211; Kvinne<\/h4>\n<p>[\/et_pb_text][et_pb_text _builder_version=&#8221;4.6.5&#8243; _module_preset=&#8221;default&#8221; text_font=&#8221;|600|||||||&#8221; text_text_color=&#8221;#747d88&#8243; text_font_size=&#8221;16px&#8221; text_line_height=&#8221;1.4em&#8221; custom_padding=&#8221;||0px|||&#8221; text_font_size_last_edited=&#8221;off|desktop&#8221;]<\/p>\n<p style=\"text-align: center;\">Ammeproblemer<br \/> Barnl\u00f8shet<br \/> Den gravide mor \u2013 balanse<br \/> Hormonell ubalanse<br \/> Infertilitet<br \/> Menstruasjonssmerter<br \/> Oppbygging etter f\u00f8dsel<br \/> Plager ved menopause<br \/> Svangerskapskvalme<br \/> Svangerskaps\u00f8dem<\/p>\n<p>[\/et_pb_text][et_pb_image src=&#8221;https:\/\/www.medoslo.no\/tkm\/wp-content\/uploads\/2020\/11\/YinYang100.jpg&#8221; alt=&#8221;YinYang&#8221; title_text=&#8221;YinYang100&#8243; align=&#8221;center&#8221; _builder_version=&#8221;4.6.6&#8243; _module_preset=&#8221;default&#8221;][\/et_pb_image][et_pb_text _builder_version=&#8221;4.6.5&#8243; _module_preset=&#8221;default&#8221; header_4_font=&#8221;|700|||||||&#8221; header_4_text_color=&#8221;#747d88&#8243; header_4_line_height=&#8221;1.4em&#8221;]<\/p>\n<h4 style=\"text-align: center;\">Menn<\/h4>\n<p>[\/et_pb_text][et_pb_text _builder_version=&#8221;4.6.5&#8243; _module_preset=&#8221;default&#8221; text_font=&#8221;|600|||||||&#8221; text_text_color=&#8221;#747d88&#8243; text_font_size=&#8221;16px&#8221; text_line_height=&#8221;1.4em&#8221; custom_padding=&#8221;||0px|||&#8221; text_font_size_last_edited=&#8221;off|desktop&#8221;]<\/p>\n<p style=\"text-align: center;\">Impotens<br \/>\nLav s\u00e6dkvalitet<br \/>\nMannens overgangsalder<br \/>\nProstata balanse<br \/>\nProstatitt<br \/>\nTidlig S\u00e6davgang<\/p>\n<p>[\/et_pb_text][\/et_pb_column][\/et_pb_row][\/et_pb_section]<\/p>\n","protected":false},"excerpt":{"rendered":"<p>&#8211; Hva Kan Behandles -Eksempler p\u00e5 hva vi kan hjelpe\u00a0deg med Nedenfor ser du en rekke lidelser og sykdommer, som vi har\u00a0gode erfaringer med \u00e5 behandle med akupunktur og annen\u00a0tradisjonell kinesisk medisin. V\u00e5r behandling kommer som tillegg\u00a0til vestlig medisin og m\u00e5 aldri erstatte legebehandling. V\u00e5r\u00a0behandling inng\u00e5r ofte som ledd i teambehandling ledet av\u00a0nevrolog Monica Drottning-R\u00f8nne. [&hellip;]<\/p>\n","protected":false},"author":1,"featured_media":0,"parent":0,"menu_order":0,"comment_status":"closed","ping_status":"closed","template":"","meta":{"_et_pb_use_builder":"on","_et_pb_old_content":"","_et_gb_content_width":""},"_links":{"self":[{"href":"https:\/\/www.medoslo.no\/tkm\/wp-json\/wp\/v2\/pages\/626"}],"collection":[{"href":"https:\/\/www.medoslo.no\/tkm\/wp-json\/wp\/v2\/pages"}],"about":[{"href":"https:\/\/www.medoslo.no\/tkm\/wp-json\/wp\/v2\/types\/page"}],"author":[{"embeddable":true,"href":"https:\/\/www.medoslo.no\/tkm\/wp-json\/wp\/v2\/users\/1"}],"replies":[{"embeddable":true,"href":"https:\/\/www.medoslo.no\/tkm\/wp-json\/wp\/v2\/comments?post=626"}],"version-history":[{"count":17,"href":"https:\/\/www.medoslo.no\/tkm\/wp-json\/wp\/v2\/pages\/626\/revisions"}],"predecessor-version":[{"id":1014,"href":"https:\/\/www.medoslo.no\/tkm\/wp-json\/wp\/v2\/pages\/626\/revisions\/1014"}],"wp:attachment":[{"href":"https:\/\/www.medoslo.no\/tkm\/wp-json\/wp\/v2\/media?parent=626"}],"curies":[{"name":"wp","href":"https:\/\/api.w.org\/{rel}","templated":true}]}}