{"id":609,"date":"2020-09-29T11:10:38","date_gmt":"2020-09-29T11:10:38","guid":{"rendered":"https:\/\/www.medoslo.no\/tkm\/?page_id=609"},"modified":"2020-11-26T20:54:58","modified_gmt":"2020-11-26T20:54:58","slug":"partnere","status":"publish","type":"page","link":"https:\/\/www.medoslo.no\/tkm\/partnere\/","title":{"rendered":"Partnere"},"content":{"rendered":"<p>[et_pb_section fb_built=&#8221;1&#8243; _builder_version=&#8221;4.7.3&#8243; _module_preset=&#8221;default&#8221; background_enable_image=&#8221;off&#8221; background_size=&#8221;initial&#8221; background_position=&#8221;bottom_left&#8221; hover_enabled=&#8221;0&#8243; admin_label=&#8221;MedOslo&#8221; sticky_enabled=&#8221;0&#8243;][et_pb_row column_structure=&#8221;1_3,1_3,1_3&#8243; _builder_version=&#8221;4.6.3&#8243; _module_preset=&#8221;default&#8221;][et_pb_column type=&#8221;1_3&#8243; _builder_version=&#8221;4.6.3&#8243; _module_preset=&#8221;default&#8221;][\/et_pb_column][et_pb_column type=&#8221;1_3&#8243; _builder_version=&#8221;4.6.3&#8243; _module_preset=&#8221;default&#8221;][et_pb_image src=&#8221;https:\/\/www.medoslo.no\/tkm\/wp-content\/uploads\/2020\/09\/Logo-1200-MedOslo.jpg&#8221; alt=&#8221;Logo-MedOslo&#8221; title_text=&#8221;Logo-MedOslo&#8221; _builder_version=&#8221;4.7.3&#8243; _module_preset=&#8221;default&#8221; hover_enabled=&#8221;0&#8243; sticky_enabled=&#8221;0&#8243;][\/et_pb_image][\/et_pb_column][et_pb_column type=&#8221;1_3&#8243; _builder_version=&#8221;4.6.3&#8243; _module_preset=&#8221;default&#8221;][\/et_pb_column][\/et_pb_row][et_pb_row column_structure=&#8221;1_2,1_2&#8243; _builder_version=&#8221;4.7.3&#8243; _module_preset=&#8221;default&#8221; background_color=&#8221;#dbedd9&#8243; custom_margin=&#8221;||||false|true&#8221; custom_padding=&#8221;20px|20px|20px|20px|true|true&#8221; hover_enabled=&#8221;0&#8243; admin_label=&#8221;Nature Care&#8221; sticky_enabled=&#8221;0&#8243;][et_pb_column type=&#8221;1_2&#8243; _builder_version=&#8221;4.6.3&#8243; _module_preset=&#8221;default&#8221;][et_pb_image src=&#8221;https:\/\/www.medoslo.no\/tkm\/wp-content\/uploads\/2020\/09\/MonicaDrottning-1280-1024&#215;1024-1.jpg&#8221; alt=&#8221;MonicaDrottning&#8221; title_text=&#8221;MonicaDrottning&#8221; url=&#8221;http:\/\/www.migrene-klinikken.no&#8221; _builder_version=&#8221;4.6.3&#8243; _module_preset=&#8221;default&#8221;][\/et_pb_image][et_pb_button button_url=&#8221;http:\/\/medoslo.no&#8221; button_text=&#8221;Om MedOslo&#8221; button_alignment=&#8221;center&#8221; _builder_version=&#8221;4.7.3&#8243; _module_preset=&#8221;default&#8221; custom_button=&#8221;on&#8221; button_text_color=&#8221;#4c5b5c&#8221; button_bg_color=&#8221;#cbb9a8&#8243; button_border_color=&#8221;#cbb9a8&#8243; button_font=&#8221;||||||||&#8221; hover_enabled=&#8221;0&#8243; button_bg_enable_color=&#8221;on&#8221; button_border_radius=&#8221;0px&#8221; button_text_size=&#8221;24px&#8221; sticky_enabled=&#8221;0&#8243;][\/et_pb_button][\/et_pb_column][et_pb_column type=&#8221;1_2&#8243; _builder_version=&#8221;4.6.3&#8243; _module_preset=&#8221;default&#8221; background_color=&#8221;#dbedd9&#8243; custom_padding=&#8221;20px|20px|20px|20px|true|true&#8221;][et_pb_text _builder_version=&#8221;4.7.3&#8243; _module_preset=&#8221;default&#8221; header_font=&#8221;|700|||||||&#8221; header_2_font=&#8221;|700|||||||&#8221; header_2_text_color=&#8221;#747d88&#8243; header_2_font_size=&#8221;36px&#8221; background_color=&#8221;#eff6ef&#8221; custom_margin=&#8221;20px|-150px|||false|false&#8221; custom_margin_tablet=&#8221;0px|0px|||false|false&#8221; custom_margin_phone=&#8221;&#8221; custom_margin_last_edited=&#8221;on|desktop&#8221; custom_padding=&#8221;20px|20px|20px|20px|false|false&#8221; hover_enabled=&#8221;0&#8243; sticky_enabled=&#8221;0&#8243;]<\/p>\n<p><a href=\"http:\/\/www.medoslo.no\"><span style=\"color: #a9804a;\">MedOslo<\/span><\/a> har spesialisert seg p\u00e5 behandling av hodepine, smerter i nakke, rygg og ledd, nevrologiske sykdommer og idrettsskader. Klinikken<span>\u00a0har et sterkt fokus p\u00e5 individet og tar utgangspunkt i den enkeltes situasjon, utfordringer\u00a0og plager. Behandlingen starter med en f\u00f8rstegangskonsultasjonen med et team best\u00e5ende av nevrolog (eller lege med spesialkompetanse) og kiropraktor og andre terapeuter etter behov. Etter en grundig gjennomgang av sykehistorie gj\u00f8res det en klinisk unders\u00f8kelse som danner grunnlaget for \u00e5 stille diagnose. Avslutningsvis legges der en behandlingsplan og f\u00f8rste behandling iverksettes.<\/span><\/p>\n<p>[\/et_pb_text][\/et_pb_column][\/et_pb_row][\/et_pb_section][et_pb_section fb_built=&#8221;1&#8243; _builder_version=&#8221;4.6.5&#8243; _module_preset=&#8221;default&#8221; background_enable_image=&#8221;off&#8221; background_size=&#8221;initial&#8221; background_position=&#8221;bottom_left&#8221;][et_pb_row column_structure=&#8221;1_3,1_3,1_3&#8243; _builder_version=&#8221;4.6.3&#8243; _module_preset=&#8221;default&#8221;][et_pb_column type=&#8221;1_3&#8243; _builder_version=&#8221;4.6.3&#8243; _module_preset=&#8221;default&#8221;][\/et_pb_column][et_pb_column type=&#8221;1_3&#8243; _builder_version=&#8221;4.6.3&#8243; _module_preset=&#8221;default&#8221;][et_pb_image src=&#8221;https:\/\/www.medoslo.no\/tkm\/wp-content\/uploads\/2020\/09\/Logo_400_Green-278&#215;300.jpg&#8221; alt=&#8221;Logo&#8221; title_text=&#8221;Logo_400_Green&#8221; _builder_version=&#8221;4.7.3&#8243; _module_preset=&#8221;default&#8221; hover_enabled=&#8221;0&#8243; sticky_enabled=&#8221;0&#8243; align_last_edited=&#8221;on|desktop&#8221; align_tablet=&#8221;center&#8221; align=&#8221;center&#8221;][\/et_pb_image][\/et_pb_column][et_pb_column type=&#8221;1_3&#8243; _builder_version=&#8221;4.6.3&#8243; _module_preset=&#8221;default&#8221;][\/et_pb_column][\/et_pb_row][et_pb_row column_structure=&#8221;1_2,1_2&#8243; _builder_version=&#8221;4.6.3&#8243; _module_preset=&#8221;default&#8221; background_color=&#8221;#dbedd9&#8243; custom_margin=&#8221;||||false|true&#8221; custom_padding=&#8221;20px|20px|20px|20px|true|true&#8221;][et_pb_column type=&#8221;1_2&#8243; _builder_version=&#8221;4.6.3&#8243; _module_preset=&#8221;default&#8221;][et_pb_text _builder_version=&#8221;4.7.3&#8243; _module_preset=&#8221;default&#8221; header_font=&#8221;|700|||||||&#8221; header_2_font=&#8221;|700|||||||&#8221; header_2_text_color=&#8221;#747d88&#8243; header_2_font_size=&#8221;36px&#8221; background_color=&#8221;#eff6ef&#8221; custom_margin=&#8221;20px|0px||-150px|false|false&#8221; custom_margin_tablet=&#8221;0px|0px||0px|false|false&#8221; custom_margin_phone=&#8221;&#8221; custom_margin_last_edited=&#8221;on|tablet&#8221; custom_padding=&#8221;20px|20px|20px|20px|false|false&#8221; hover_enabled=&#8221;0&#8243; sticky_enabled=&#8221;0&#8243;]<\/p>\n<p><span>NatureCare er en klinikk som best\u00e5r av et team med terapeuter spesialisert p\u00e5 benadlinger innen Tradisjonell Kinesisk Medisin. Klinkken ledes av Linda Chen som er utdannet sykepleier med praksis i tradisjonell kinesisk medisin (TKM) ved Universitetet i Fujian i Kina, i alt 8 \u00e5r. Hun har over 20 \u00e5rs erfaring. Hennes spesialitet er \u00e5 behandle kronisk sykdom og smerte, anti-aldring, vekttap, rehabilitering etter f\u00f8dsel og infertilitet. Hun har ogs\u00e5 12 \u00e5rs erfaring med undervisning i TKM.<\/span><\/p>\n<p>[\/et_pb_text][\/et_pb_column][et_pb_column type=&#8221;1_2&#8243; _builder_version=&#8221;4.6.3&#8243; _module_preset=&#8221;default&#8221; background_color=&#8221;#dbedd9&#8243; custom_padding=&#8221;20px|20px|20px|20px|true|true&#8221;][et_pb_image src=&#8221;https:\/\/www.medoslo.no\/tkm\/wp-content\/uploads\/2020\/11\/NC-Team-2.jpg&#8221; alt=&#8221;Nature Care behandlingsteam&#8221; title_text=&#8221;NC Team 2&#8243; url=&#8221;http:\/\/www.migrene-klinikken.no&#8221; _builder_version=&#8221;4.7.3&#8243; _module_preset=&#8221;default&#8221; hover_enabled=&#8221;0&#8243; sticky_enabled=&#8221;0&#8243;][\/et_pb_image][et_pb_button button_url=&#8221;http:\/\/www.naturecare.no&#8221; button_text=&#8221;Om NatureCare&#8221; button_alignment=&#8221;center&#8221; _builder_version=&#8221;4.7.3&#8243; _module_preset=&#8221;default&#8221; custom_button=&#8221;on&#8221; button_text_color=&#8221;#4c5b5c&#8221; button_bg_color=&#8221;#d4e09b&#8221; button_border_color=&#8221;#d4e09b&#8221; button_font=&#8221;||||||||&#8221; hover_enabled=&#8221;0&#8243; button_bg_enable_color=&#8221;on&#8221; button_border_radius=&#8221;0px&#8221; button_text_size=&#8221;24px&#8221; sticky_enabled=&#8221;0&#8243;][\/et_pb_button][\/et_pb_column][\/et_pb_row][\/et_pb_section]<\/p>\n","protected":false},"excerpt":{"rendered":"<p>MedOslo har spesialisert seg p\u00e5 behandling av hodepine, smerter i nakke, rygg og ledd, nevrologiske sykdommer og idrettsskader. Klinikken\u00a0har et sterkt fokus p\u00e5 individet og tar utgangspunkt i den enkeltes situasjon, utfordringer\u00a0og plager. Behandlingen starter med en f\u00f8rstegangskonsultasjonen med et team best\u00e5ende av nevrolog (eller lege med spesialkompetanse) og kiropraktor og andre terapeuter etter behov. [&hellip;]<\/p>\n","protected":false},"author":1,"featured_media":0,"parent":0,"menu_order":0,"comment_status":"closed","ping_status":"closed","template":"","meta":{"_et_pb_use_builder":"on","_et_pb_old_content":"","_et_gb_content_width":""},"_links":{"self":[{"href":"https:\/\/www.medoslo.no\/tkm\/wp-json\/wp\/v2\/pages\/609"}],"collection":[{"href":"https:\/\/www.medoslo.no\/tkm\/wp-json\/wp\/v2\/pages"}],"about":[{"href":"https:\/\/www.medoslo.no\/tkm\/wp-json\/wp\/v2\/types\/page"}],"author":[{"embeddable":true,"href":"https:\/\/www.medoslo.no\/tkm\/wp-json\/wp\/v2\/users\/1"}],"replies":[{"embeddable":true,"href":"https:\/\/www.medoslo.no\/tkm\/wp-json\/wp\/v2\/comments?post=609"}],"version-history":[{"count":5,"href":"https:\/\/www.medoslo.no\/tkm\/wp-json\/wp\/v2\/pages\/609\/revisions"}],"predecessor-version":[{"id":1467,"href":"https:\/\/www.medoslo.no\/tkm\/wp-json\/wp\/v2\/pages\/609\/revisions\/1467"}],"wp:attachment":[{"href":"https:\/\/www.medoslo.no\/tkm\/wp-json\/wp\/v2\/media?parent=609"}],"curies":[{"name":"wp","href":"https:\/\/api.w.org\/{rel}","templated":true}]}}