{"id":482,"date":"2020-09-24T19:46:51","date_gmt":"2020-09-24T19:46:51","guid":{"rendered":"https:\/\/www.medoslo.no\/tkm\/?page_id=482"},"modified":"2020-11-26T20:31:48","modified_gmt":"2020-11-26T20:31:48","slug":"soneterapi","status":"publish","type":"page","link":"https:\/\/www.medoslo.no\/tkm\/soneterapi\/","title":{"rendered":"Soneterapi"},"content":{"rendered":"<p>[et_pb_section fb_built=&#8221;1&#8243; admin_label=&#8221;Hero&#8221; _builder_version=&#8221;3.22&#8243; custom_padding=&#8221;0px|0px|0px|0px&#8221; animation_style=&#8221;zoom&#8221; animation_intensity_zoom=&#8221;4%&#8221;][et_pb_row column_structure=&#8221;1_2,1_2&#8243; use_custom_gutter=&#8221;on&#8221; gutter_width=&#8221;1&#8243; make_equal=&#8221;on&#8221; module_class=&#8221; et_pb_row_fullwidth&#8221; _builder_version=&#8221;4.7.3&#8243; background_enable_color=&#8221;off&#8221; background_enable_image=&#8221;off&#8221; width=&#8221;100%&#8221; width_tablet=&#8221;100%&#8221; width_phone=&#8221;&#8221; width_last_edited=&#8221;on|desktop&#8221; max_width=&#8221;100%&#8221; max_width_tablet=&#8221;100%&#8221; max_width_phone=&#8221;&#8221; max_width_last_edited=&#8221;on|desktop&#8221; min_height=&#8221;80%&#8221; height=&#8221;800px&#8221; custom_padding=&#8221;0px||20px||false|false&#8221; animation_style=&#8221;slide&#8221; animation_direction=&#8221;top&#8221; animation_intensity_slide=&#8221;3%&#8221; hover_enabled=&#8221;0&#8243; background_last_edited=&#8221;on|phone&#8221; make_fullwidth=&#8221;on&#8221; sticky_enabled=&#8221;0&#8243; custom_padding_last_edited=&#8221;on|desktop&#8221; custom_padding_phone=&#8221;||0px||false|false&#8221;][et_pb_column type=&#8221;1_2&#8243; _builder_version=&#8221;4.7.3&#8243; background_enable_image=&#8221;off&#8221; positioning=&#8221;none&#8221; z_index=&#8221;10&#8243; custom_padding=&#8221;20px|||100px|false|false&#8221; hover_enabled=&#8221;0&#8243; custom_padding__hover=&#8221;|||&#8221; custom_padding_last_edited=&#8221;on|tablet&#8221; sticky_enabled=&#8221;0&#8243; custom_padding_tablet=&#8221;0px|||0px|false|false&#8221;][et_pb_text content_tablet=&#8221;<\/p>\n<h1>Soneterapi<\/h1>\n<p>Soneterapi eller refleksologi som er en variant, har sitt utspring fra den kinesiske l\u00e6rens prinsipper om at ubalanse og blokkeringer i energistr\u00f8mmen skaper symptomer p\u00e5 sykdom. Behandlingene tar utgangspunkt i at kroppen har et nettverk av sonesystemer og best\u00e5r hovedsakelig av punktmassasje. Mens refleksologien tar for seg hele kroppen som system, s\u00e5 fokuserer  soneterapien s\u00e6rlig p\u00e5 f\u00f8tter og ogs\u00e5 hender og hode\/ansikt.<\/p>\n<p>&#8221; content_phone=&#8221;<\/p>\n<h1 style=%22text-align: center;%22>Soneterapi<\/h1>\n<p style=%22text-align: center;%22>Soneterapi eller refleksologi som er en variant, har sitt utspring fra den kinesiske l\u00e6rens prinsipper om at ubalanse og blokkeringer i energistr\u00f8mmen skaper symptomer p\u00e5 sykdom. Behandlingene tar utgangspunkt i at kroppen har et nettverk av sonesystemer og best\u00e5r hovedsakelig av punktmassasje. Mens refleksologien tar for seg hele kroppen som system, s\u00e5 fokuserer soneterapien s\u00e6rlig p\u00e5 f\u00f8tter og ogs\u00e5 hender og hode\/ansikt.<\/p>\n<p>&#8221; content_last_edited=&#8221;on|desktop&#8221; _builder_version=&#8221;4.7.3&#8243; text_font=&#8221;||||||||&#8221; text_text_color=&#8221;#4c5b5c&#8221; header_font=&#8221;|600||on|||||&#8221; header_text_color=&#8221;#ffffff&#8221; header_2_text_color=&#8221;#747d88&#8243; header_2_font_size=&#8221;24px&#8221; background_color=&#8221;#d4e09b&#8221; z_index=&#8221;194&#8243; custom_margin=&#8221;10%|-5%||5%|false|false&#8221; custom_margin_tablet=&#8221;|40px|-5%|40px|false|false&#8221; custom_margin_phone=&#8221;100px|40px|-5%|40px|false|true&#8221; custom_margin_last_edited=&#8221;on|desktop&#8221; custom_padding=&#8221;5%|5%|5%|5%|true|true&#8221; custom_padding_tablet=&#8221;|||40px|false|false&#8221; custom_padding_phone=&#8221;&#8221; custom_padding_last_edited=&#8221;on|desktop&#8221; animation_style=&#8221;slide&#8221; animation_direction=&#8221;top&#8221; animation_intensity_slide=&#8221;17%&#8221; text_font_size_tablet=&#8221;&#8221; text_font_size_phone=&#8221;18px&#8221; text_font_size_last_edited=&#8221;on|phone&#8221; text_line_height_tablet=&#8221;&#8221; text_line_height_phone=&#8221;1.6em&#8221; text_line_height_last_edited=&#8221;on|phone&#8221; header_font_size_tablet=&#8221;&#8221; header_font_size_phone=&#8221;36px&#8221; header_font_size_last_edited=&#8221;on|tablet&#8221; locked=&#8221;off&#8221;]<\/p>\n<h1>Soneterapi<\/h1>\n<p>Soneterapi eller refleksologi som er en variant, har sitt utspring fra den kinesiske l\u00e6rens prinsipper om at ubalanse og blokkeringer i energistr\u00f8mmen skaper symptomer p\u00e5 sykdom. Behandlingene tar utgangspunkt i at kroppen har et nettverk av sonesystemer og best\u00e5r hovedsakelig av punktmassasje.\u00a0Mens refleksologien tar for seg hele kroppen som system, s\u00e5 fokuserer\u00a0 soneterapien s\u00e6rlig p\u00e5 f\u00f8tter og ogs\u00e5 hender og hode\/ansikt.[\/et_pb_text][\/et_pb_column][et_pb_column type=&#8221;1_2&#8243; _builder_version=&#8221;4.6.6&#8243; background_image=&#8221;https:\/\/www.medoslo.no\/tkm\/wp-content\/uploads\/2020\/09\/portrait-1494652x.jpg&#8221; parallax=&#8221;on&#8221; custom_padding=&#8221;|||&#8221; background_last_edited=&#8221;on|desktop&#8221; background_enable_image_tablet=&#8221;off&#8221; custom_padding__hover=&#8221;|||&#8221;][et_pb_image title_text=&#8221;portrait-1494652x&#8221; src_tablet=&#8221;https:\/\/www.medoslo.no\/tkm\/wp-content\/uploads\/2020\/09\/portrait-1494652x.jpg&#8221; src_phone=&#8221;&#8221; src_last_edited=&#8221;on|phone&#8221; _builder_version=&#8221;4.7.3&#8243; _module_preset=&#8221;default&#8221; custom_margin=&#8221;0px||||false|false&#8221; custom_margin_tablet=&#8221;&#8221; custom_margin_phone=&#8221;||0px||false|false&#8221; custom_margin_last_edited=&#8221;on|phone&#8221; custom_padding=&#8221;0px||0px||false|false&#8221;][\/et_pb_image][\/et_pb_column][\/et_pb_row][\/et_pb_section][et_pb_section fb_built=&#8221;1&#8243; admin_label=&#8221;OM_Akupunktur&#8221; _builder_version=&#8221;4.6.3&#8243; background_color=&#8221;#dbedd9&#8243; custom_margin=&#8221;|||&#8221; custom_padding=&#8221;60px||60px||true|false&#8221; top_divider_flip=&#8221;vertical&#8221;][et_pb_row column_structure=&#8221;2_5,3_5&#8243; admin_label=&#8221;Hva er akupunktur&#8221; _builder_version=&#8221;4.7.3&#8243; background_color=&#8221;#eff6ef&#8221; width=&#8221;90%&#8221; width_tablet=&#8221;100%&#8221; width_phone=&#8221;100%&#8221; width_last_edited=&#8221;on|tablet&#8221; custom_margin=&#8221;||40px|&#8221; animation_style=&#8221;fade&#8221; animation_direction=&#8221;top&#8221; box_shadow_style=&#8221;preset4&#8243; box_shadow_horizontal=&#8221;20px&#8221; box_shadow_vertical=&#8221;20px&#8221; box_shadow_color=&#8221;#ffffff&#8221; box_shadow_horizontal_tablet=&#8221;0px&#8221; box_shadow_horizontal_phone=&#8221;0px&#8221; box_shadow_horizontal_last_edited=&#8221;on|desktop&#8221; saved_tabs=&#8221;all&#8221;][et_pb_column type=&#8221;2_5&#8243; _builder_version=&#8221;3.25&#8243; custom_padding=&#8221;|||&#8221; custom_padding__hover=&#8221;|||&#8221;][et_pb_image src=&#8221;https:\/\/www.medoslo.no\/tkm\/wp-content\/uploads\/2020\/11\/Fotsoneterapi.jpg&#8221; title_text=&#8221;Fotsoneterapi&#8221; align_tablet=&#8221;center&#8221; align_phone=&#8221;&#8221; align_last_edited=&#8221;on|tablet&#8221; _builder_version=&#8221;4.6.6&#8243; _module_preset=&#8221;default&#8221; custom_margin=&#8221;40px|||-200px|false|false&#8221; custom_margin_tablet=&#8221;|||0px|false|false&#8221; custom_margin_phone=&#8221;&#8221; custom_margin_last_edited=&#8221;on|phone&#8221;][\/et_pb_image][\/et_pb_column][et_pb_column type=&#8221;3_5&#8243; _builder_version=&#8221;4.6.3&#8243; custom_padding=&#8221;|||&#8221; custom_padding__hover=&#8221;|||&#8221;][et_pb_text admin_label=&#8221;Title&#8221; _builder_version=&#8221;4.7.3&#8243; text_font=&#8221;Open Sans||||||||&#8221; text_text_color=&#8221;#353740&#8243; header_font=&#8221;Open Sans|700|||||||&#8221; header_text_color=&#8221;#747d88&#8243; header_2_font=&#8221;|600||on|||||&#8221; header_2_text_color=&#8221;#4c5b5c&#8221; header_2_font_size=&#8221;2vw&#8221; header_2_line_height=&#8221;1.2em&#8221; background_enable_color=&#8221;off&#8221; custom_margin=&#8221;40px|20px|40px|20px|true|true&#8221; custom_margin_tablet=&#8221;40px|40px|40px|40px|true|false&#8221; custom_margin_phone=&#8221;0px|0px|0px|0px|true|true&#8221; custom_margin_last_edited=&#8221;on|desktop&#8221; custom_padding=&#8221;0px|10px|0px|10px|true|true&#8221; animation_style=&#8221;slide&#8221; animation_direction=&#8221;top&#8221; animation_intensity_slide=&#8221;17%&#8221; text_font_size_tablet=&#8221;&#8221; text_font_size_phone=&#8221;18px&#8221; text_font_size_last_edited=&#8221;on|phone&#8221; header_font_size_tablet=&#8221;&#8221; header_font_size_phone=&#8221;36px&#8221; header_font_size_last_edited=&#8221;on|phone&#8221; header_2_font_size_tablet=&#8221;6vw&#8221; header_2_font_size_phone=&#8221;&#8221; header_2_font_size_last_edited=&#8221;on|phone&#8221; background_last_edited=&#8221;on|phone&#8221;]<\/p>\n<h2 style=\"text-align: center;\">HVORDAN FOREG\u00c5R BEHANDLINGEN ?<\/h2>\n<p style=\"text-align: center;\">Soneterapi er en behandlingsmetode, hvor man ved trykkp\u00e5virkninger ett sted p\u00e5 kroppen fors\u00f8ker \u00e5 forbedre funksjonen ett annet sted. Alle organer og kroppsdeler avspeiles i delomr\u00e5der av kroppen \u2013 som for eksempel f\u00f8ttene. N\u00e5r terapeuten trykker p\u00e5 disse punktene vil kroppen sette i gang en reaksjon p\u00e5 det stedet i kroppen som sonepunktet reflekterer. Dersom et organ er affisert av sykdom eller er svekket, vil underhudsvevet i den tilsvarende sonen kjennes hard, stram, \u00f8m eller smertefull.<\/p>\n<p style=\"text-align: center;\">En konsultasjon er gjerne oppstarten til en behandlingsserie. Sykdomshistorien gjennomg\u00e5s og\u00a0<span>symptomer og smertetilstander samt medisinbruk gjennomg\u00e5s. T<\/span>erapeuten trykker, klemmer, drar og knar p\u00e5 for eksempel f\u00f8ttene for fotsoneterapi. Ut ifra hvor hva terapeuten kjenner og hva du som pasient opplever blir man enig om den videre behandlingen.<\/p>\n<p>[\/et_pb_text][et_pb_button button_url=&#8221;https:\/\/www.fdz.dk\/zoneterapi\/kort-og-godt-om-zoneterapi\/&#8221; button_text=&#8221;Les mer&#8221; button_alignment=&#8221;center&#8221; _builder_version=&#8221;4.7.3&#8243; custom_button=&#8221;on&#8221; button_text_color=&#8221;#747d88&#8243; button_border_width=&#8221;4px&#8221; button_border_color=&#8221;#747d88&#8243; button_border_radius=&#8221;100px&#8221; button_letter_spacing=&#8221;2px&#8221; button_font=&#8221;Open Sans|700||on|||||&#8221; button_icon=&#8221;%%36%%&#8221; button_icon_color=&#8221;#747d88&#8243; custom_margin_tablet=&#8221;&#8221; custom_margin_phone=&#8221;5%||||false|false&#8221; custom_margin_last_edited=&#8221;on|desktop&#8221; animation_style=&#8221;flip&#8221; animation_direction=&#8221;right&#8221; animation_intensity_flip=&#8221;20%&#8221; button_text_color_hover=&#8221;#747d88&#8243; button_border_color_hover=&#8221;#747d88&#8243; button_letter_spacing_hover=&#8221;2px&#8221; button_bg_color_hover=&#8221;rgba(0,0,0,0)&#8221; button_text_size__hover_enabled=&#8221;off&#8221; button_one_text_size__hover_enabled=&#8221;off&#8221; button_two_text_size__hover_enabled=&#8221;off&#8221; button_text_color__hover_enabled=&#8221;on&#8221; button_text_color__hover=&#8221;#747d88&#8243; button_one_text_color__hover_enabled=&#8221;off&#8221; button_two_text_color__hover_enabled=&#8221;off&#8221; button_border_width__hover_enabled=&#8221;off&#8221; button_one_border_width__hover_enabled=&#8221;off&#8221; button_two_border_width__hover_enabled=&#8221;off&#8221; button_border_color__hover_enabled=&#8221;on&#8221; button_border_color__hover=&#8221;#747d88&#8243; button_one_border_color__hover_enabled=&#8221;off&#8221; button_two_border_color__hover_enabled=&#8221;off&#8221; button_border_radius__hover_enabled=&#8221;off&#8221; button_one_border_radius__hover_enabled=&#8221;off&#8221; button_two_border_radius__hover_enabled=&#8221;off&#8221; button_letter_spacing__hover_enabled=&#8221;on&#8221; button_letter_spacing__hover=&#8221;2px&#8221; button_one_letter_spacing__hover_enabled=&#8221;off&#8221; button_two_letter_spacing__hover_enabled=&#8221;off&#8221; button_bg_color__hover_enabled=&#8221;on&#8221; button_bg_color__hover=&#8221;rgba(0,0,0,0)&#8221; button_one_bg_color__hover_enabled=&#8221;off&#8221; button_two_bg_color__hover_enabled=&#8221;off&#8221;][\/et_pb_button][\/et_pb_column][\/et_pb_row][\/et_pb_section][et_pb_section fb_built=&#8221;1&#8243; admin_label=&#8221;Hva skiller oss&#8221; _builder_version=&#8221;4.6.3&#8243; background_color=&#8221;#ffffff&#8221; custom_margin=&#8221;|||&#8221; custom_padding=&#8221;60px||60px||false|false&#8221;][et_pb_row admin_label=&#8221;Tilstander&#8221; _builder_version=&#8221;4.6.3&#8243; custom_margin=&#8221;|auto|-2px|auto||&#8221; custom_padding=&#8221;|0px||||&#8221; animation_style=&#8221;fade&#8221; animation_direction=&#8221;top&#8221; saved_tabs=&#8221;all&#8221;][et_pb_column type=&#8221;4_4&#8243; _builder_version=&#8221;3.25&#8243; custom_padding=&#8221;|||&#8221; custom_padding__hover=&#8221;|||&#8221;][et_pb_text admin_label=&#8221;Title&#8221; _builder_version=&#8221;4.6.3&#8243; text_font=&#8221;Montserrat||||||||&#8221; text_text_color=&#8221;#747d88&#8243; text_font_size=&#8221;16px&#8221; text_line_height=&#8221;1.9em&#8221; header_font=&#8221;||||||||&#8221; header_2_font=&#8221;Open Sans|700||on|||||&#8221; header_2_text_color=&#8221;#747d88&#8243; header_2_font_size=&#8221;36px&#8221; header_2_line_height=&#8221;1.3em&#8221; text_orientation=&#8221;center&#8221; max_width=&#8221;700px&#8221; module_alignment=&#8221;center&#8221; animation_style=&#8221;slide&#8221; animation_direction=&#8221;bottom&#8221; animation_intensity_slide=&#8221;4%&#8221; header_2_font_size_tablet=&#8221;&#8221; header_2_font_size_phone=&#8221;24px&#8221; header_2_font_size_last_edited=&#8221;on|desktop&#8221;]<\/p>\n<h2>Tilstander vi behandler<\/h2>\n<p>[\/et_pb_text][\/et_pb_column][\/et_pb_row][et_pb_row column_structure=&#8221;3_5,2_5&#8243; use_custom_gutter=&#8221;on&#8221; admin_label=&#8221;Service Section Title&#8221; _builder_version=&#8221;4.7.3&#8243; width=&#8221;90%&#8221; max_width=&#8221;90%&#8221; custom_margin=&#8221;|||auto|false|false&#8221; custom_padding=&#8221;|0px|||false|false&#8221; animation_style=&#8221;fade&#8221; animation_direction=&#8221;top&#8221; saved_tabs=&#8221;all&#8221;][et_pb_column type=&#8221;3_5&#8243; _builder_version=&#8221;4.7.3&#8243; custom_padding=&#8221;|||20%|false|false&#8221; custom_padding_tablet=&#8221;|||0%|false|false&#8221; custom_padding_phone=&#8221;&#8221; custom_padding_last_edited=&#8221;on|desktop&#8221; custom_padding__hover=&#8221;|||&#8221;][et_pb_text content_tablet=&#8221;<\/p>\n<h3 class=%22title%22>SONETERAPI HAR VIST SEG VELEGNET VED LIDELSER SOM:<\/h3>\n<div class=%22textwidget%22>\n<p>Betennelser og smerter i muskler<\/p>\n<p>Betennelser i indre organer<\/p>\n<p>Generelle hodesmerter<\/p>\n<p>Korrigere forbrenning<\/p>\n<p>Rensing av indre organer<\/p>\n<p>Stabilisering av mage\/tarm \u2013 plager<\/p>\n<p>Menstruasjons plager<\/p>\n<p>Barnl\u00f8shet<\/p>\n<p>Stabilisere hormonsystemet<\/p>\n<p>Idrettsskader<\/p>\n<p>Urinveisinfeksjoner<\/p>\n<p>Psoriasis<\/p>\n<p>Astma<\/p>\n<p>Migrene<\/p>\n<p>Ryggproblemer<\/p>\n<p>Atopisk eksem<\/p>\n<p>Bekkenl\u00f8sning reumatisme<\/p>\n<p>Depresjon<\/p>\n<p>H\u00f8yt blodtrykk<\/p>\n<p>Fibromyalgi<\/p>\n<p>Stressrelaterte plager<\/p>\n<p>Utbrenthet<\/p>\n<p>Angst og andre psykiske problemer<\/p>\n<\/div>\n<p><span><\/span><\/p>\n<p>&#8221; content_phone=&#8221;<\/p>\n<h3 class=%22title%22>SONETERAPI HAR VIST SEG VELEGNET VED LIDELSER SOM:<\/h3>\n<div class=%22textwidget%22>\n<p>Betennelser og smerter i muskler<\/p>\n<p>Betennelser i indre organer<\/p>\n<p>Generelle hodesmerter<\/p>\n<p>Korrigere forbrenning<\/p>\n<p>Rensing av indre organer<\/p>\n<p>Stabilisering av mage\/tarm \u2013 plager<\/p>\n<p>Menstruasjons plager<\/p>\n<p>Barnl\u00f8shet<\/p>\n<p>Stabilisere hormonsystemet<\/p>\n<p>Idrettsskader<\/p>\n<p>Urinveisinfeksjoner<\/p>\n<p>Psoriasis<\/p>\n<p>Astma<\/p>\n<p>Migrene<\/p>\n<p>Ryggproblemer<\/p>\n<p>Atopisk eksem<\/p>\n<p>Bekkenl\u00f8sning reumatisme<\/p>\n<p>Depresjon<\/p>\n<p>H\u00f8yt blodtrykk<\/p>\n<p>Fibromyalgi<\/p>\n<p>Stressrelaterte plager<\/p>\n<p>Utbrenthet<\/p>\n<p>Angst og andre psykiske problemer<\/p>\n<\/div>\n<p>&#8221; content_last_edited=&#8221;on|tablet&#8221; admin_label=&#8221;Subtitle&#8221; _builder_version=&#8221;4.6.6&#8243; text_font=&#8221;Open Sans||||||||&#8221; text_text_color=&#8221;#747d88&#8243; header_font=&#8221;||||||||&#8221; header_3_font=&#8221;|700|||||||&#8221; header_3_font_size=&#8221;21px&#8221; background_color=&#8221;#dbedd9&#8243; z_index=&#8221;11&#8243; text_orientation=&#8221;center&#8221; module_alignment=&#8221;center&#8221; custom_margin=&#8221;||||false|false&#8221; custom_margin_tablet=&#8221;&#8221; custom_margin_phone=&#8221;&#8221; custom_margin_last_edited=&#8221;on|desktop&#8221; custom_padding=&#8221;40px|40px|40px|40px|true|true&#8221; animation_style=&#8221;slide&#8221; animation_direction=&#8221;bottom&#8221; animation_delay=&#8221;100ms&#8221; animation_intensity_slide=&#8221;4%&#8221;]<\/p>\n<h3 class=\"title\" style=\"text-align: left;\">SONETERAPI HAR VIST SEG VELEGNET VED LIDELSER SOM:<\/h3>\n<div class=\"textwidget\">\n<ul>\n<li style=\"text-align: left;\">Betennelser og smerter i muskler<\/li>\n<li style=\"text-align: left;\">Betennelser i indre organer<\/li>\n<li style=\"text-align: left;\">Generelle hodesmerter<\/li>\n<li style=\"text-align: left;\">Korrigere forbrenning<\/li>\n<li style=\"text-align: left;\">Rensing av indre organer<\/li>\n<li style=\"text-align: left;\">Stabilisering av mage\/tarm \u2013 plager<\/li>\n<li style=\"text-align: left;\">Menstruasjons plager<\/li>\n<li style=\"text-align: left;\">Barnl\u00f8shet<\/li>\n<li style=\"text-align: left;\">Stabilisere hormonsystemet<\/li>\n<li style=\"text-align: left;\">Idrettsskader<\/li>\n<li style=\"text-align: left;\">Urinveisinfeksjoner<\/li>\n<li style=\"text-align: left;\">Psoriasis<\/li>\n<li style=\"text-align: left;\">Astma<\/li>\n<li style=\"text-align: left;\">Migrene<\/li>\n<li style=\"text-align: left;\">Ryggproblemer<\/li>\n<li style=\"text-align: left;\">Atopisk eksem<\/li>\n<li style=\"text-align: left;\">Bekkenl\u00f8sning reumatisme<\/li>\n<li style=\"text-align: left;\">Depresjon<\/li>\n<li style=\"text-align: left;\">H\u00f8yt blodtrykk<\/li>\n<li style=\"text-align: left;\">Fibromyalgi<\/li>\n<li style=\"text-align: left;\">Stressrelaterte plager<\/li>\n<li style=\"text-align: left;\">Utbrenthet<\/li>\n<li style=\"text-align: left;\">Angst og andre psykiske problemer<\/li>\n<\/ul>\n<\/div>\n<p>[\/et_pb_text][\/et_pb_column][et_pb_column type=&#8221;2_5&#8243; _builder_version=&#8221;4.6.3&#8243; custom_padding=&#8221;|||&#8221; custom_padding__hover=&#8221;|||&#8221;][et_pb_image src=&#8221;https:\/\/www.medoslo.no\/tkm\/wp-content\/uploads\/2020\/09\/girl-1152384x.jpg&#8221; alt=&#8221;aku_wordcloud&#8221; title_text=&#8221;girl-1152384x&#8221; align=&#8221;center&#8221; align_tablet=&#8221;&#8221; align_phone=&#8221;&#8221; align_last_edited=&#8221;on|tablet&#8221; _builder_version=&#8221;4.6.6&#8243; _module_preset=&#8221;default&#8221; background_color=&#8221;#eff6ef&#8221; custom_margin=&#8221;100px|||-80px|false|false&#8221; custom_margin_tablet=&#8221;0px|||0px|false|false&#8221; custom_margin_phone=&#8221;&#8221; custom_margin_last_edited=&#8221;on|desktop&#8221; custom_padding=&#8221;20px|20px|20px|20px|true|true&#8221;][\/et_pb_image][\/et_pb_column][\/et_pb_row][\/et_pb_section][et_pb_section fb_built=&#8221;1&#8243; admin_label=&#8221;OM_Akupunktur&#8221; _builder_version=&#8221;4.6.3&#8243; background_color=&#8221;#ebf4eb&#8221; custom_margin=&#8221;|||&#8221; custom_padding=&#8221;60px||60px||true|false&#8221; top_divider_flip=&#8221;vertical&#8221;][et_pb_row column_structure=&#8221;2_5,3_5&#8243; admin_label=&#8221;Hva er akupunktur&#8221; _builder_version=&#8221;4.7.3&#8243; background_color=&#8221;rgba(179,237,170,0.28)&#8221; width=&#8221;90%&#8221; custom_margin=&#8221;||40px|&#8221; animation_style=&#8221;fade&#8221; animation_direction=&#8221;top&#8221; saved_tabs=&#8221;all&#8221;][et_pb_column type=&#8221;2_5&#8243; _builder_version=&#8221;3.25&#8243; custom_padding=&#8221;|||&#8221; custom_padding__hover=&#8221;|||&#8221;][et_pb_image src=&#8221;https:\/\/www.medoslo.no\/tkm\/wp-content\/uploads\/2020\/09\/lemon-1578377x.jpg&#8221; title_text=&#8221;lemon-1578377x&#8221; show_bottom_space_tablet=&#8221;&#8221; show_bottom_space_phone=&#8221;&#8221; show_bottom_space_last_edited=&#8221;on|phone&#8221; align_tablet=&#8221;center&#8221; align_phone=&#8221;&#8221; align_last_edited=&#8221;on|desktop&#8221; _builder_version=&#8221;4.7.3&#8243; _module_preset=&#8221;default&#8221; custom_margin=&#8221;||||false|false&#8221; border_width_all=&#8221;20px&#8221; border_color_all=&#8221;#ffffff&#8221; box_shadow_horizontal_tablet=&#8221;0px&#8221; box_shadow_horizontal_phone=&#8221;&#8221; box_shadow_horizontal_last_edited=&#8221;on|desktop&#8221;][\/et_pb_image][\/et_pb_column][et_pb_column type=&#8221;3_5&#8243; _builder_version=&#8221;3.25&#8243; custom_padding=&#8221;|||&#8221; custom_padding__hover=&#8221;|||&#8221;][et_pb_text admin_label=&#8221;Title&#8221; _builder_version=&#8221;4.6.3&#8243; text_font=&#8221;Open Sans||||||||&#8221; text_text_color=&#8221;#353740&#8243; header_font=&#8221;Open Sans|700|||||||&#8221; header_text_color=&#8221;#747d88&#8243; header_2_font=&#8221;|700|||||||&#8221; header_2_text_color=&#8221;#747d88&#8243; header_2_font_size=&#8221;36px&#8221; background_enable_color=&#8221;off&#8221; custom_margin=&#8221;40px|20px|40px|20px|true|true&#8221; custom_margin_tablet=&#8221;40px|40px|40px|40px|true|false&#8221; custom_margin_phone=&#8221;0px|0px|0px|0px|true|true&#8221; custom_margin_last_edited=&#8221;on|desktop&#8221; custom_padding=&#8221;0px|10px|0px|10px|true|true&#8221; animation_style=&#8221;slide&#8221; animation_direction=&#8221;top&#8221; animation_intensity_slide=&#8221;17%&#8221; text_font_size_tablet=&#8221;&#8221; text_font_size_phone=&#8221;18px&#8221; text_font_size_last_edited=&#8221;on|phone&#8221; header_font_size_tablet=&#8221;&#8221; header_font_size_phone=&#8221;36px&#8221; header_font_size_last_edited=&#8221;on|phone&#8221; header_2_font_size_tablet=&#8221;&#8221; header_2_font_size_phone=&#8221;24px&#8221; header_2_font_size_last_edited=&#8221;on|phone&#8221; background_last_edited=&#8221;on|phone&#8221;]<\/p>\n<h2>ETTER EN BEHANDLING<\/h2>\n<p>Det er ikke uvanlig at kroppen reagerer p\u00e5 en behandling &#8211; spesielt p\u00e5 de stedene som er reflektert v de \u00f8mme punktene. Den som har hatt behandling kan oppleve hodepine, d\u00e5rlig \u00e5nde, t\u00f8rste, mer avf\u00f8ring og urinering, at en er mer sliten en vanlig &#8211; b\u00e5de fysisk og psykisk. Alt dette er forbig\u00e5ende. Etter en behandling at det viktig \u00e5:<\/p>\n<p>&nbsp;<\/p>\n<ul>\n<li>Avholde fra alkohol de neste 24 timer<\/li>\n<li>Drikke mye vann<\/li>\n<li>Spise et lett m\u00e5ltid<\/li>\n<li>Redusere koffein<\/li>\n<li>F\u00e5 mye hvile<\/li>\n<\/ul>\n<p>[\/et_pb_text][\/et_pb_column][\/et_pb_row][\/et_pb_section]<\/p>\n","protected":false},"excerpt":{"rendered":"<p>Soneterapi Soneterapi eller refleksologi som er en variant, har sitt utspring fra den kinesiske l\u00e6rens prinsipper om at ubalanse og blokkeringer i energistr\u00f8mmen skaper symptomer p\u00e5 sykdom. Behandlingene tar utgangspunkt i at kroppen har et nettverk av sonesystemer og best\u00e5r hovedsakelig av punktmassasje.\u00a0Mens refleksologien tar for seg hele kroppen som system, s\u00e5 fokuserer\u00a0 soneterapien s\u00e6rlig [&hellip;]<\/p>\n","protected":false},"author":1,"featured_media":0,"parent":0,"menu_order":0,"comment_status":"closed","ping_status":"closed","template":"","meta":{"_et_pb_use_builder":"on","_et_pb_old_content":"","_et_gb_content_width":""},"_links":{"self":[{"href":"https:\/\/www.medoslo.no\/tkm\/wp-json\/wp\/v2\/pages\/482"}],"collection":[{"href":"https:\/\/www.medoslo.no\/tkm\/wp-json\/wp\/v2\/pages"}],"about":[{"href":"https:\/\/www.medoslo.no\/tkm\/wp-json\/wp\/v2\/types\/page"}],"author":[{"embeddable":true,"href":"https:\/\/www.medoslo.no\/tkm\/wp-json\/wp\/v2\/users\/1"}],"replies":[{"embeddable":true,"href":"https:\/\/www.medoslo.no\/tkm\/wp-json\/wp\/v2\/comments?post=482"}],"version-history":[{"count":13,"href":"https:\/\/www.medoslo.no\/tkm\/wp-json\/wp\/v2\/pages\/482\/revisions"}],"predecessor-version":[{"id":1464,"href":"https:\/\/www.medoslo.no\/tkm\/wp-json\/wp\/v2\/pages\/482\/revisions\/1464"}],"wp:attachment":[{"href":"https:\/\/www.medoslo.no\/tkm\/wp-json\/wp\/v2\/media?parent=482"}],"curies":[{"name":"wp","href":"https:\/\/api.w.org\/{rel}","templated":true}]}}