{"id":429,"date":"2020-09-22T12:56:37","date_gmt":"2020-09-22T12:56:37","guid":{"rendered":"https:\/\/www.medoslo.no\/tkm\/?page_id=429"},"modified":"2020-11-26T15:56:23","modified_gmt":"2020-11-26T15:56:23","slug":"kopping","status":"publish","type":"page","link":"https:\/\/www.medoslo.no\/tkm\/kopping\/","title":{"rendered":"Kopping"},"content":{"rendered":"<p>[et_pb_section fb_built=&#8221;1&#8243; admin_label=&#8221;Kopping&#8221; _builder_version=&#8221;4.7.3&#8243; custom_padding=&#8221;0px|0px|0px|0px&#8221; animation_style=&#8221;zoom&#8221; animation_intensity_zoom=&#8221;4%&#8221; hover_enabled=&#8221;0&#8243; sticky_enabled=&#8221;0&#8243;][et_pb_row column_structure=&#8221;1_2,1_2&#8243; use_custom_gutter=&#8221;on&#8221; gutter_width=&#8221;1&#8243; make_equal=&#8221;on&#8221; module_class=&#8221; et_pb_row_fullwidth&#8221; _builder_version=&#8221;4.7.3&#8243; background_enable_color=&#8221;off&#8221; background_enable_image=&#8221;off&#8221; width=&#8221;100%&#8221; width_tablet=&#8221;100%&#8221; width_phone=&#8221;&#8221; width_last_edited=&#8221;on|desktop&#8221; max_width=&#8221;100%&#8221; max_width_tablet=&#8221;100%&#8221; max_width_phone=&#8221;&#8221; max_width_last_edited=&#8221;on|desktop&#8221; min_height=&#8221;80%&#8221; height=&#8221;800px&#8221; custom_margin=&#8221;0px||0px||true|false&#8221; custom_padding=&#8221;0px||0px|&#8221; animation_style=&#8221;slide&#8221; animation_direction=&#8221;top&#8221; animation_intensity_slide=&#8221;3%&#8221; make_fullwidth=&#8221;on&#8221;][et_pb_column type=&#8221;1_2&#8243; _builder_version=&#8221;4.7.3&#8243; background_enable_image=&#8221;off&#8221; positioning=&#8221;none&#8221; z_index=&#8221;10&#8243; custom_padding=&#8221;||||false|false&#8221; custom_padding__hover=&#8221;|||&#8221;][et_pb_text content_tablet=&#8221;<\/p>\n<h1>KOPPING<\/h1>\n<p>Kopping, cupping, vakuum behandling, sugekopp terapi &#8211; %22kj\u00e6rt barn har mange navn%22. Dette er en behandling som utf\u00f8res med kopper &#8211; derav navnet. Behandlingen dateres tilbake til gamle kulturer fra Egypt, Kina og Midt\u00f8sten. En av de eldste medisinske l\u00e6reb\u00f8kene i verden &#8211; Ebers Papyrus, beskriver hvordan de gamle egypterne brukte kopping i 1550 f.Kr. <\/p>\n<\/p>\n<p>&#8221; content_phone=&#8221;<\/p>\n<h1 style=%22text-align: center;%22>KOPPING<\/h1>\n<p style=%22text-align: center;%22>Kopping, cupping, vakuum behandling, sugekopp terapi &#8211; %22kj\u00e6rt barn har mange navn%22. Dette er en behandling som utf\u00f8res med kopper &#8211; derav navnet. Behandlingen dateres tilbake til gamle kulturer fra Egypt, Kina og Midt\u00f8sten. En av de eldste medisinske l\u00e6reb\u00f8kene i verden &#8211; Ebers Papyrus, beskriver hvordan de gamle egypterne brukte kopping i 1550 f.Kr.<\/p>\n<p style=%22text-align: center;%22>\n&#8221; content_last_edited=&#8221;on|tablet&#8221; _builder_version=&#8221;4.7.3&#8243; text_font=&#8221;||||||||&#8221; text_text_color=&#8221;#4c5b5c&#8221; header_font=&#8221;|600|||||||&#8221; header_text_color=&#8221;#4c5b5c&#8221; header_font_size=&#8221;4vw&#8221; header_2_text_color=&#8221;#747d88&#8243; header_2_font_size=&#8221;24px&#8221; background_color=&#8221;rgba(212,224,155,0.64)&#8221; z_index=&#8221;194&#8243; custom_margin=&#8221;10%|-5%||5%|false|false&#8221; custom_margin_tablet=&#8221;|0%|0%|0%|false|true&#8221; custom_margin_phone=&#8221;100px||0%||false|true&#8221; custom_margin_last_edited=&#8221;on|phone&#8221; custom_padding=&#8221;40px|40px|40px|40px|false|false&#8221; custom_padding_tablet=&#8221;||40px|40px|false|false&#8221; custom_padding_phone=&#8221;&#8221; custom_padding_last_edited=&#8221;on|desktop&#8221; animation_style=&#8221;slide&#8221; animation_direction=&#8221;top&#8221; animation_intensity_slide=&#8221;17%&#8221; text_font_size_tablet=&#8221;&#8221; text_font_size_phone=&#8221;16px&#8221; text_font_size_last_edited=&#8221;on|phone&#8221; header_font_size_tablet=&#8221;8vw&#8221; header_font_size_phone=&#8221;8vw&#8221; header_font_size_last_edited=&#8221;on|tablet&#8221; locked=&#8221;off&#8221;]<\/p>\n<h1>KOPPING<\/h1>\n<p>Kopping, cupping, vakuum behandling, sugekopp terapi &#8211; &#8220;kj\u00e6rt barn har mange navn&#8221;. Dette er en\u00a0behandling som utf\u00f8res med kopper &#8211; derav navnet. Behandlingen dateres tilbake til gamle kulturer fra Egypt, Kina og Midt\u00f8sten. En av de eldste medisinske l\u00e6reb\u00f8kene i verden &#8211; Ebers Papyrus, beskriver hvordan de gamle egypterne brukte kopping i 1550 f.Kr.\u00a0<\/p>\n<p>&nbsp;<\/p>\n<p>[\/et_pb_text][\/et_pb_column][et_pb_column type=&#8221;1_2&#8243; _builder_version=&#8221;4.7.3&#8243; background_image=&#8221;https:\/\/www.medoslo.no\/tkm\/wp-content\/uploads\/2020\/09\/beautiful-1337737_800.jpg&#8221; parallax=&#8221;on&#8221; custom_padding=&#8221;|||&#8221; custom_padding_tablet=&#8221;||||false|false&#8221; custom_padding_phone=&#8221;&#8221; custom_padding_last_edited=&#8221;on|desktop&#8221; background_last_edited=&#8221;on|tablet&#8221; background_enable_image_tablet=&#8221;off&#8221; custom_padding__hover=&#8221;|||&#8221;][et_pb_image alt=&#8221;Frisk Jente&#8221; title_text=&#8221;Frisk Jente&#8221; src_tablet=&#8221;https:\/\/www.medoslo.no\/tkm\/wp-content\/uploads\/2020\/09\/beautiful-1337737_800.jpg&#8221; src_phone=&#8221;https:\/\/www.medoslo.no\/tkm\/wp-content\/uploads\/2020\/09\/beautiful-1337737_800.jpg&#8221; src_last_edited=&#8221;on|phone&#8221; show_bottom_space_tablet=&#8221;&#8221; show_bottom_space_phone=&#8221;&#8221; show_bottom_space_last_edited=&#8221;on|phone&#8221; _builder_version=&#8221;4.7.3&#8243; _module_preset=&#8221;default&#8221; custom_padding=&#8221;||10%||false|false&#8221;][\/et_pb_image][\/et_pb_column][\/et_pb_row][\/et_pb_section][et_pb_section fb_built=&#8221;1&#8243; custom_padding_last_edited=&#8221;on|tablet&#8221; admin_label=&#8221;Behandling&#8221; _builder_version=&#8221;4.7.3&#8243; background_color=&#8221;#ffffff&#8221; custom_margin=&#8221;|||&#8221; custom_padding=&#8221;60px||60px||true|false&#8221; custom_padding_tablet=&#8221;60px||60px||true|false&#8221; custom_padding_phone=&#8221;&#8221; top_divider_flip=&#8221;vertical&#8221; hover_enabled=&#8221;0&#8243; sticky_enabled=&#8221;0&#8243;][et_pb_row column_structure=&#8221;2_5,3_5&#8243; custom_padding_last_edited=&#8221;on|tablet&#8221; admin_label=&#8221;Kopping behandling&#8221; _builder_version=&#8221;4.7.3&#8243; background_color=&#8221;#eff6ef&#8221; width=&#8221;100%&#8221; custom_margin=&#8221;40px||||false|false&#8221; custom_margin_tablet=&#8221;||||false|false&#8221; custom_margin_phone=&#8221;80px||||false|false&#8221; custom_margin_last_edited=&#8221;on|phone&#8221; custom_padding=&#8221;||||false|false&#8221; custom_padding_tablet=&#8221;||||false|false&#8221; custom_padding_phone=&#8221;&#8221; animation_style=&#8221;fade&#8221; animation_direction=&#8221;top&#8221; hover_enabled=&#8221;0&#8243; box_shadow_style=&#8221;preset4&#8243; box_shadow_horizontal=&#8221;20px&#8221; box_shadow_vertical=&#8221;0px&#8221; box_shadow_color=&#8221;#d4e09b&#8221; box_shadow_horizontal_tablet=&#8221;0px&#8221; box_shadow_horizontal_phone=&#8221;&#8221; box_shadow_horizontal_last_edited=&#8221;on|tablet&#8221; saved_tabs=&#8221;all&#8221; sticky_enabled=&#8221;0&#8243;][et_pb_column type=&#8221;2_5&#8243; _builder_version=&#8221;3.25&#8243; custom_padding=&#8221;|||&#8221; custom_padding__hover=&#8221;|||&#8221;][et_pb_image src=&#8221;https:\/\/www.medoslo.no\/tkm\/wp-content\/uploads\/2020\/09\/cupping.jpg&#8221; title_text=&#8221;cupping&#8221; _builder_version=&#8221;4.7.3&#8243; _module_preset=&#8221;default&#8221; custom_margin=&#8221;||||false|false&#8221; hover_enabled=&#8221;0&#8243; sticky_enabled=&#8221;0&#8243; show_bottom_space_last_edited=&#8221;on|phone&#8221;][\/et_pb_image][et_pb_image src=&#8221;https:\/\/www.medoslo.no\/tkm\/wp-content\/uploads\/2020\/09\/WhatsApp-Image-2020-09-27-at-15.27X.jpg&#8221; title_text=&#8221;WhatsApp Image 2020-09-27 at 15.27X&#8221; align=&#8221;center&#8221; align_tablet=&#8221;right&#8221; align_phone=&#8221;&#8221; align_last_edited=&#8221;on|tablet&#8221; _builder_version=&#8221;4.7.3&#8243; _module_preset=&#8221;default&#8221; custom_margin=&#8221;40px|||0px|false|false&#8221; hover_enabled=&#8221;0&#8243; show_bottom_space_last_edited=&#8221;on|phone&#8221; sticky_enabled=&#8221;0&#8243; custom_padding=&#8221;|||0px|false|false&#8221; src_last_edited=&#8221;on|phone&#8221; src_tablet=&#8221;&#8221;][\/et_pb_image][\/et_pb_column][et_pb_column type=&#8221;3_5&#8243; _builder_version=&#8221;4.7.3&#8243; custom_padding=&#8221;|||&#8221; hover_enabled=&#8221;0&#8243; custom_padding__hover=&#8221;|||&#8221; background_last_edited=&#8221;on|tablet&#8221; sticky_enabled=&#8221;0&#8243;][et_pb_text content_tablet=&#8221;<\/p>\n<h2>HVORDAN FOREG\u00c5R BEHANDLINGEN ?<\/h2>\n<p>Behandlingen utf\u00f8res med sugekopper. Fra Kina kjenner vi til kopper i bambus og glass, og i Vesten er det ogs\u00e5 utviklet kopper i gummi, silikon og plast. Det benyttes kopper av ulik st\u00f8rrelse avhengig av hvilken kroppsdel som behandles.<\/p>\n<p>Ved tradisjonell behandling skapes det et vakuum ved at man brenner visse urter eller bomull i koppen. N\u00e5r varmekilden fjernes minker volumet av luft i koppen og den plasseres p\u00e5 huden over omr\u00e5det som skal behandles og der suger den seg fast. Det er ogs\u00e5 utviklet nyere metoder for \u00e5 skape vakuum &#8211; glasskopper med gummiball, sugesk\u00e5ler og maskiner som gir negativt trykk ved pumping. Vi p\u00e5 Nature Care benytter den tradisjonelle metoden med glasskopper.<\/p>\n<p><span>Hensikten med behandlingen er \u00e5 forbedre blodsirkulasjonen og \u00f8ke oksygentilf\u00f8rselen som igjen f\u00f8rer til at stive muskler l\u00f8sner opp, at nervesystemet roer seg og at slaggstoffer i bindevevet drenerer ut via lymfesystemet. For de fleste pasienter gir denne behandlingsformen en spesielt behagelig og avslappende f\u00f8lelse.<\/span><\/p>\n<p>Behandlingen kan anvendes som egen behandling eller som et hjelpemiddel i kombinasjon med andre TKM teknikker<\/p>\n<p>&#8221; content_phone=&#8221;<\/p>\n<h2 style=%22text-align: center;%22>HVORDAN FOREG\u00c5R BEHANDLINGEN ?<\/h2>\n<p style=%22text-align: center;%22>Behandlingen utf\u00f8res med sugekopper. Fra Kina kjenner vi til kopper i bambus og glass, og i Vesten er det ogs\u00e5 utviklet kopper i gummi, silikon og plast. Det benyttes kopper av ulik st\u00f8rrelse avhengig av hvilken kroppsdel som behandles.<\/p>\n<p style=%22text-align: center;%22>Ved tradisjonell behandling skapes det et vakuum ved at man brenner visse urter eller bomull i koppen. N\u00e5r varmekilden fjernes minker volumet av luft i koppen og den plasseres p\u00e5 huden over omr\u00e5det som skal behandles og der suger den seg fast. Det er ogs\u00e5 utviklet nyere metoder for \u00e5 skape vakuum &#8211; glasskopper med gummiball, sugesk\u00e5ler og maskiner som gir negativt trykk ved pumping. Vi p\u00e5 Nature Care benytter den tradisjonelle metoden med glasskopper.<\/p>\n<p style=%22text-align: center;%22><span>Hensikten med behandlingen er \u00e5 forbedre blodsirkulasjonen og \u00f8ke oksygentilf\u00f8rselen som igjen f\u00f8rer til at stive muskler l\u00f8sner opp, at nervesystemet roer seg og at slaggstoffer i bindevevet drenerer ut via lymfesystemet. For de fleste pasienter gir denne behandlingsformen en spesielt behagelig og avslappende f\u00f8lelse.<\/span><\/p>\n<p style=%22text-align: center;%22>Behandlingen kan anvendes som egen behandling eller som et hjelpemiddel i kombinasjon med andre TKM teknikker<\/p>\n<p>&#8221; content_last_edited=&#8221;on|phone&#8221; admin_label=&#8221;Title&#8221; _builder_version=&#8221;4.7.3&#8243; text_font=&#8221;Open Sans||||||||&#8221; text_text_color=&#8221;#353740&#8243; header_font=&#8221;Open Sans|700|||||||&#8221; header_text_color=&#8221;#747d88&#8243; header_2_font=&#8221;|700|||||||&#8221; header_2_text_color=&#8221;#747d88&#8243; header_2_font_size=&#8221;36px&#8221; background_enable_color=&#8221;off&#8221; custom_margin=&#8221;40px|20px|40px|20px|true|true&#8221; custom_margin_tablet=&#8221;40px|40px|40px|40px|true|false&#8221; custom_margin_phone=&#8221;0px|0px|0px|0px|true|true&#8221; custom_margin_last_edited=&#8221;on|desktop&#8221; custom_padding=&#8221;0px|10px|0px|10px|true|true&#8221; animation_style=&#8221;slide&#8221; animation_direction=&#8221;top&#8221; animation_intensity_slide=&#8221;17%&#8221; hover_enabled=&#8221;0&#8243; text_font_size_tablet=&#8221;&#8221; text_font_size_phone=&#8221;18px&#8221; text_font_size_last_edited=&#8221;on|phone&#8221; header_font_size_tablet=&#8221;&#8221; header_font_size_phone=&#8221;36px&#8221; header_font_size_last_edited=&#8221;on|phone&#8221; header_2_font_size_tablet=&#8221;&#8221; header_2_font_size_phone=&#8221;24px&#8221; header_2_font_size_last_edited=&#8221;on|phone&#8221; background_last_edited=&#8221;on|phone&#8221; sticky_enabled=&#8221;0&#8243;]<\/p>\n<h2>HVORDAN FOREG\u00c5R BEHANDLINGEN ?<\/h2>\n<p>Behandlingen utf\u00f8res med sugekopper. Fra Kina kjenner vi til kopper i bambus og glass, og i Vesten er det ogs\u00e5\u00a0utviklet kopper i gummi, silikon og plast. Det benyttes kopper av ulik st\u00f8rrelse avhengig av hvilken kroppsdel som behandles.<\/p>\n<p>Ved tradisjonell behandling skapes det et vakuum ved at man brenner visse urter eller bomull i koppen. N\u00e5r varmekilden fjernes minker volumet av luft i koppen og den plasseres p\u00e5 huden over omr\u00e5det som skal behandles og der suger den seg fast. Det er ogs\u00e5 utviklet nyere metoder for \u00e5 skape vakuum &#8211;\u00a0glasskopper med gummiball, sugesk\u00e5ler og maskiner som gir negativt trykk ved pumping. Vi p\u00e5 Nature Care benytter den tradisjonelle metoden med glasskopper.<\/p>\n<p><span style=\"font-size: 20px;\">Hensikten med behandlingen er \u00e5 forbedre blodsirkulasjonen og \u00f8ke oksygentilf\u00f8rselen som igjen f\u00f8rer til at stive muskler l\u00f8sner opp, at nervesystemet roer seg og at slaggstoffer i bindevevet drenerer ut via lymfesystemet.\u00a0For de fleste pasienter gir denne behandlingsformen en spesielt behagelig og avslappende f\u00f8lelse.<\/span><\/p>\n<p>Behandlingen kan anvendes som egen behandling eller som et hjelpemiddel i kombinasjon med andre TKM teknikker.<\/p>\n<p>[\/et_pb_text][\/et_pb_column][\/et_pb_row][\/et_pb_section][et_pb_section fb_built=&#8221;1&#8243; admin_label=&#8221;Hva skiller oss&#8221; _builder_version=&#8221;4.7.3&#8243; background_color=&#8221;#ffffff&#8221; custom_margin=&#8221;|||&#8221; custom_padding=&#8221;0px||0px||false|false&#8221; hover_enabled=&#8221;0&#8243; custom_margin_last_edited=&#8221;on|phone&#8221; sticky_enabled=&#8221;0&#8243;][et_pb_row admin_label=&#8221;Tilstander&#8221; _builder_version=&#8221;4.6.3&#8243; custom_margin=&#8221;|auto|-2px|auto||&#8221; custom_padding=&#8221;|0px||||&#8221; animation_style=&#8221;fade&#8221; animation_direction=&#8221;top&#8221; saved_tabs=&#8221;all&#8221;][et_pb_column type=&#8221;4_4&#8243; _builder_version=&#8221;3.25&#8243; custom_padding=&#8221;|||&#8221; custom_padding__hover=&#8221;|||&#8221;][et_pb_text admin_label=&#8221;Title&#8221; _builder_version=&#8221;4.7.3&#8243; text_font=&#8221;Montserrat||||||||&#8221; text_text_color=&#8221;#747d88&#8243; text_font_size=&#8221;16px&#8221; text_line_height=&#8221;1.9em&#8221; header_font=&#8221;||||||||&#8221; header_2_font=&#8221;|600||on|||||&#8221; header_2_text_color=&#8221;#747d88&#8243; header_2_font_size=&#8221;2vw&#8221; header_2_line_height=&#8221;1.2em&#8221; text_orientation=&#8221;center&#8221; max_width=&#8221;700px&#8221; module_alignment=&#8221;center&#8221; animation_style=&#8221;slide&#8221; animation_direction=&#8221;bottom&#8221; animation_intensity_slide=&#8221;4%&#8221; hover_enabled=&#8221;0&#8243; header_2_font_size_tablet=&#8221;6vw&#8221; header_2_font_size_phone=&#8221;6vw&#8221; header_2_font_size_last_edited=&#8221;on|desktop&#8221; sticky_enabled=&#8221;0&#8243; custom_margin=&#8221;0px||||false|false&#8221; custom_padding=&#8221;0px||||false|false&#8221;]<\/p>\n<h2>Tilstander vi behandler<\/h2>\n<p>[\/et_pb_text][\/et_pb_column][\/et_pb_row][et_pb_row column_structure=&#8221;3_5,2_5&#8243; use_custom_gutter=&#8221;on&#8221; admin_label=&#8221;Service Section Title&#8221; _builder_version=&#8221;4.7.3&#8243; background_color=&#8221;#ffffff&#8221; width=&#8221;90%&#8221; max_width=&#8221;100%&#8221; custom_margin=&#8221;|||auto|false|false&#8221; custom_padding=&#8221;|0px|||false|false&#8221; animation_style=&#8221;fade&#8221; animation_direction=&#8221;top&#8221; hover_enabled=&#8221;0&#8243; saved_tabs=&#8221;all&#8221; width_last_edited=&#8221;on|phone&#8221; width_tablet=&#8221;100%&#8221; sticky_enabled=&#8221;0&#8243;][et_pb_column type=&#8221;3_5&#8243; _builder_version=&#8221;4.6.1&#8243; custom_padding=&#8221;|||&#8221; custom_padding__hover=&#8221;|||&#8221;][et_pb_text content_tablet=&#8221;<\/p>\n<h3 class=%22title%22>KOPPING HAR VIST SEG VELEGNET VED LIDELSER SOM:<\/h3>\n<div class=%22textwidget%22>\n<p>Nakke- og skuldersmerter<\/p>\n<p>Smerte i korsryggen<\/p>\n<p>Menstruasjons kramper<\/p>\n<p>Isjias<\/p>\n<p>Hodepine<\/p>\n<p>\u00d8dem<\/p>\n<p>Lymfe\u00f8dem<\/p>\n<p>Styrke immunforsvaret<\/p>\n<p>Utmattelse<\/p>\n<p>H\u00f8yt blodtrykk<\/p>\n<p>H\u00e6lsporer<\/p>\n<p><span>Leddgikt og fibromyalgi<\/span><\/p>\n<p>Hudproblemer som eksem og kviser<\/p>\n<p>\u00c5reknuter<\/p>\n<\/div>\n<p><span><\/span><\/p>\n<p>&#8221; content_phone=&#8221;<\/p>\n<h3 class=%22title%22>KOPPING HAR VIST SEG VELEGNET VED LIDELSER SOM:<\/h3>\n<div class=%22textwidget%22>\n<p>Nakke- og skuldersmerter<\/p>\n<p>Smerte i korsryggen<\/p>\n<p>Menstruasjons kramper<\/p>\n<p>Isjias<\/p>\n<p>Hodepine<\/p>\n<p>\u00d8dem<\/p>\n<p>Lymfe\u00f8dem<\/p>\n<p>Styrke immunforsvaret<\/p>\n<p>Utmattelse<\/p>\n<p>H\u00f8yt blodtrykk<\/p>\n<p>H\u00e6lsporer<\/p>\n<p><span>Leddgikt og fibromyalgi<\/span><\/p>\n<p>Hudproblemer som eksem og kviser<\/p>\n<p>\u00c5reknuter<\/p>\n<\/div>\n<p>&#8221; content_last_edited=&#8221;on|phone&#8221; admin_label=&#8221;Subtitle&#8221; _builder_version=&#8221;4.7.3&#8243; text_font=&#8221;||||||||&#8221; text_text_color=&#8221;#4c5b5c&#8221; header_font=&#8221;||||||||&#8221; header_3_font=&#8221;||||||||&#8221; header_3_text_color=&#8221;#4c5b5c&#8221; header_3_font_size=&#8221;1.2vw&#8221; header_3_line_height=&#8221;1.2em&#8221; background_color=&#8221;#eff6ef&#8221; z_index=&#8221;11&#8243; text_orientation=&#8221;center&#8221; module_alignment=&#8221;center&#8221; custom_margin=&#8221;||||false|false&#8221; custom_margin_tablet=&#8221;&#8221; custom_margin_phone=&#8221;&#8221; custom_margin_last_edited=&#8221;on|desktop&#8221; custom_padding=&#8221;40px|40px|40px|40px|true|true&#8221; animation_style=&#8221;slide&#8221; animation_direction=&#8221;bottom&#8221; animation_delay=&#8221;100ms&#8221; animation_intensity_slide=&#8221;4%&#8221; hover_enabled=&#8221;0&#8243; text_font_size_tablet=&#8221;&#8221; text_font_size_phone=&#8221;16px&#8221; text_font_size_last_edited=&#8221;on|desktop&#8221; text_line_height_tablet=&#8221;&#8221; text_line_height_phone=&#8221;1.6em&#8221; text_line_height_last_edited=&#8221;on|phone&#8221; header_3_font_size_tablet=&#8221;3vw&#8221; header_3_font_size_phone=&#8221;4vw&#8221; header_3_font_size_last_edited=&#8221;on|desktop&#8221; sticky_enabled=&#8221;0&#8243;]<\/p>\n<h3 class=\"title\" style=\"text-align: left;\">Kopping har vist seg velegnet ved lidelser som:<\/h3>\n<div class=\"textwidget\">\n<ul>\n<li style=\"text-align: left;\">Nakke- og skuldersmerter<\/li>\n<li style=\"text-align: left;\">Smerte i korsryggen<\/li>\n<li style=\"text-align: left;\">Menstruasjons kramper<\/li>\n<li style=\"text-align: left;\">Isjias<\/li>\n<li style=\"text-align: left;\">Hodepine<\/li>\n<li style=\"text-align: left;\">\u00d8dem<\/li>\n<li style=\"text-align: left;\">Lymfe\u00f8dem<\/li>\n<li style=\"text-align: left;\">Styrke immunforsvaret<\/li>\n<li style=\"text-align: left;\">Utmattelse<\/li>\n<li style=\"text-align: left;\">H\u00f8yt blodtrykk<\/li>\n<li style=\"text-align: left;\">H\u00e6lsporer<\/li>\n<li style=\"text-align: left;\"><span style=\"font-size: 20px;\">Leddgikt og fibromyalgi<\/span><\/li>\n<li style=\"text-align: left;\">Hudproblemer som eksem og kviser<\/li>\n<li style=\"text-align: left;\">\u00c5reknuter<\/li>\n<\/ul>\n<\/div>\n<p>[\/et_pb_text][\/et_pb_column][et_pb_column type=&#8221;2_5&#8243; _builder_version=&#8221;4.6.3&#8243; custom_padding=&#8221;|||&#8221; custom_padding__hover=&#8221;|||&#8221;][et_pb_image src=&#8221;https:\/\/www.medoslo.no\/tkm\/wp-content\/uploads\/2020\/09\/acne-1606765x.jpg&#8221; alt=&#8221;aku_wordcloud&#8221; title_text=&#8221;acne-1606765x&#8221; align=&#8221;center&#8221; _builder_version=&#8221;4.7.3&#8243; _module_preset=&#8221;default&#8221; background_color=&#8221;#d4e09b&#8221; custom_margin=&#8221;100px|||-80px|false|false&#8221; custom_margin_tablet=&#8221;-30px|||0px|false|false&#8221; custom_margin_phone=&#8221;&#8221; custom_margin_last_edited=&#8221;on|phone&#8221; custom_padding=&#8221;20px|20px|20px|20px|true|true&#8221; hover_enabled=&#8221;0&#8243; sticky_enabled=&#8221;0&#8243;][\/et_pb_image][\/et_pb_column][\/et_pb_row][\/et_pb_section][et_pb_section fb_built=&#8221;1&#8243; admin_label=&#8221;Etter&#8221; _builder_version=&#8221;4.7.3&#8243; background_color=&#8221;#ebf4eb&#8221; custom_margin=&#8221;|||&#8221; custom_padding=&#8221;60px||60px||true|false&#8221; top_divider_flip=&#8221;vertical&#8221; hover_enabled=&#8221;0&#8243; sticky_enabled=&#8221;0&#8243;][et_pb_row column_structure=&#8221;2_5,3_5&#8243; admin_label=&#8221;Hva er akupunktur&#8221; _builder_version=&#8221;4.7.3&#8243; background_color=&#8221;#ffffff&#8221; width=&#8221;90%&#8221; custom_margin=&#8221;||40px|&#8221; animation_style=&#8221;fade&#8221; animation_direction=&#8221;top&#8221; hover_enabled=&#8221;0&#8243; saved_tabs=&#8221;all&#8221; width_last_edited=&#8221;on|tablet&#8221; width_tablet=&#8221;&#8221; sticky_enabled=&#8221;0&#8243;][et_pb_column type=&#8221;2_5&#8243; _builder_version=&#8221;3.25&#8243; custom_padding=&#8221;|||&#8221; custom_padding__hover=&#8221;|||&#8221;][et_pb_image src=&#8221;https:\/\/www.medoslo.no\/tkm\/wp-content\/uploads\/2020\/09\/lemon-1578377x.jpg&#8221; title_text=&#8221;lemon-1578377x&#8221; _builder_version=&#8221;4.7.3&#8243; _module_preset=&#8221;default&#8221; custom_margin=&#8221;||||false|false&#8221; custom_padding=&#8221;||||false|false&#8221; hover_enabled=&#8221;0&#8243; box_shadow_style=&#8221;preset4&#8243; box_shadow_horizontal=&#8221;20px&#8221; box_shadow_vertical=&#8221;20px&#8221; box_shadow_color=&#8221;#d4e09b&#8221; sticky_enabled=&#8221;0&#8243; align_last_edited=&#8221;on|tablet&#8221; align_tablet=&#8221;center&#8221; show_bottom_space_last_edited=&#8221;on|tablet&#8221;][\/et_pb_image][\/et_pb_column][et_pb_column type=&#8221;3_5&#8243; _builder_version=&#8221;3.25&#8243; custom_padding=&#8221;|||&#8221; custom_padding__hover=&#8221;|||&#8221;][et_pb_text admin_label=&#8221;Etterp\u00e5&#8221; _builder_version=&#8221;4.7.3&#8243; text_font=&#8221;Open Sans||||||||&#8221; text_text_color=&#8221;#353740&#8243; header_font=&#8221;Open Sans|700|||||||&#8221; header_text_color=&#8221;#747d88&#8243; header_2_font=&#8221;|700|||||||&#8221; header_2_text_color=&#8221;#747d88&#8243; header_2_font_size=&#8221;36px&#8221; header_3_text_color=&#8221;#4c5b5c&#8221; header_3_font_size=&#8221;1.2vw&#8221; header_3_line_height=&#8221;1.2em&#8221; background_enable_color=&#8221;off&#8221; custom_margin=&#8221;40px|20px|40px|20px|true|true&#8221; custom_margin_tablet=&#8221;40px|40px|40px|40px|true|false&#8221; custom_margin_phone=&#8221;0px|0px|0px|0px|true|true&#8221; custom_margin_last_edited=&#8221;on|desktop&#8221; custom_padding=&#8221;0px|10px|0px|10px|true|true&#8221; animation_style=&#8221;slide&#8221; animation_direction=&#8221;top&#8221; animation_intensity_slide=&#8221;17%&#8221; hover_enabled=&#8221;0&#8243; text_font_size_tablet=&#8221;&#8221; text_font_size_phone=&#8221;18px&#8221; text_font_size_last_edited=&#8221;on|phone&#8221; header_font_size_tablet=&#8221;&#8221; header_font_size_phone=&#8221;36px&#8221; header_font_size_last_edited=&#8221;on|phone&#8221; header_2_font_size_tablet=&#8221;&#8221; header_2_font_size_phone=&#8221;24px&#8221; header_2_font_size_last_edited=&#8221;on|phone&#8221; header_3_font_size_tablet=&#8221;3vw&#8221; header_3_font_size_phone=&#8221;4vw&#8221; header_3_font_size_last_edited=&#8221;on|phone&#8221; background_last_edited=&#8221;on|phone&#8221; sticky_enabled=&#8221;0&#8243;]<\/p>\n<h3>Etter en behandling &#8230;<\/h3>\n<ul>\n<li>Drikk et glass temperert vann rett etter behandlingen<\/li>\n<li>Unng\u00e5 kalde bad (vinterbad, kaldtvannsbasseng) senere samme dag<\/li>\n<li>F\u00f8lg kostholdsr\u00e5d og andre instruksjoner du blir gitt<\/li>\n<\/ul>\n<p>[\/et_pb_text][\/et_pb_column][\/et_pb_row][\/et_pb_section]<\/p>\n","protected":false},"excerpt":{"rendered":"<p>KOPPING Kopping, cupping, vakuum behandling, sugekopp terapi &#8211; &#8220;kj\u00e6rt barn har mange navn&#8221;. Dette er en\u00a0behandling som utf\u00f8res med kopper &#8211; derav navnet. Behandlingen dateres tilbake til gamle kulturer fra Egypt, Kina og Midt\u00f8sten. En av de eldste medisinske l\u00e6reb\u00f8kene i verden &#8211; Ebers Papyrus, beskriver hvordan de gamle egypterne brukte kopping i 1550 f.Kr.\u00a0 [&hellip;]<\/p>\n","protected":false},"author":1,"featured_media":0,"parent":0,"menu_order":0,"comment_status":"closed","ping_status":"closed","template":"","meta":{"_et_pb_use_builder":"on","_et_pb_old_content":"","_et_gb_content_width":""},"_links":{"self":[{"href":"https:\/\/www.medoslo.no\/tkm\/wp-json\/wp\/v2\/pages\/429"}],"collection":[{"href":"https:\/\/www.medoslo.no\/tkm\/wp-json\/wp\/v2\/pages"}],"about":[{"href":"https:\/\/www.medoslo.no\/tkm\/wp-json\/wp\/v2\/types\/page"}],"author":[{"embeddable":true,"href":"https:\/\/www.medoslo.no\/tkm\/wp-json\/wp\/v2\/users\/1"}],"replies":[{"embeddable":true,"href":"https:\/\/www.medoslo.no\/tkm\/wp-json\/wp\/v2\/comments?post=429"}],"version-history":[{"count":21,"href":"https:\/\/www.medoslo.no\/tkm\/wp-json\/wp\/v2\/pages\/429\/revisions"}],"predecessor-version":[{"id":1447,"href":"https:\/\/www.medoslo.no\/tkm\/wp-json\/wp\/v2\/pages\/429\/revisions\/1447"}],"wp:attachment":[{"href":"https:\/\/www.medoslo.no\/tkm\/wp-json\/wp\/v2\/media?parent=429"}],"curies":[{"name":"wp","href":"https:\/\/api.w.org\/{rel}","templated":true}]}}