{"id":1105,"date":"2020-11-13T16:55:34","date_gmt":"2020-11-13T16:55:34","guid":{"rendered":"https:\/\/www.medoslo.no\/tkm\/?page_id=1105"},"modified":"2020-11-26T17:24:12","modified_gmt":"2020-11-26T17:24:12","slug":"rf-behandling","status":"publish","type":"page","link":"https:\/\/www.medoslo.no\/tkm\/rf-behandling\/","title":{"rendered":"RF-Behandling"},"content":{"rendered":"<p>[et_pb_section fb_built=&#8221;1&#8243; admin_label=&#8221;Header&#8221; _builder_version=&#8221;4.7.0&#8243; background_color=&#8221;rgba(255,255,255,0.45)&#8221; background_image=&#8221;https:\/\/www.medoslo.no\/tkm\/wp-content\/uploads\/2020\/11\/RF-Behandling-4.jpg&#8221; parallax=&#8221;on&#8221; custom_padding=&#8221;||180px||false|false&#8221; locked=&#8221;off&#8221;][et_pb_row _builder_version=&#8221;4.4.7&#8243;][et_pb_column type=&#8221;4_4&#8243; _builder_version=&#8221;4.4.7&#8243;][et_pb_text _builder_version=&#8221;4.7.3&#8243; text_font=&#8221;Muli||||||||&#8221; text_font_size=&#8221;22px&#8221; text_line_height=&#8221;1.4em&#8221; header_font=&#8221;|600||on|||||&#8221; header_text_color=&#8221;#4c5b5c&#8221; header_font_size=&#8221;4vw&#8221; background_color=&#8221;rgba(239,246,239,0.67)&#8221; text_orientation=&#8221;center&#8221; max_width=&#8221;70%&#8221; max_width_tablet=&#8221;&#8221; max_width_phone=&#8221;&#8221; max_width_last_edited=&#8221;on|tablet&#8221; module_alignment=&#8221;center&#8221; custom_margin=&#8221;||||false|false&#8221; custom_padding=&#8221;5%|5%|5%|5%|true|true&#8221; hover_enabled=&#8221;0&#8243; text_font_size_tablet=&#8221;18px&#8221; text_font_size_phone=&#8221;16px&#8221; text_font_size_last_edited=&#8221;on|tablet&#8221; text_line_height_tablet=&#8221;&#8221; text_line_height_phone=&#8221;1.8em&#8221; text_line_height_last_edited=&#8221;on|phone&#8221; header_font_tablet=&#8221;&#8221; header_font_phone=&#8221;|600|||||||&#8221; header_font_last_edited=&#8221;on|phone&#8221; header_font_size_tablet=&#8221;6vw&#8221; header_font_size_phone=&#8221;8vw&#8221; header_font_size_last_edited=&#8221;on|desktop&#8221; sticky_enabled=&#8221;0&#8243; header_line_height=&#8221;1.2em&#8221; header_4_font=&#8221;||||||||&#8221; header_4_text_color=&#8221;#4c5b5c&#8221; header_4_font_size=&#8221;1.2vw&#8221; header_4_line_height=&#8221;1.2em&#8221; header_4_font_size_last_edited=&#8221;on|desktop&#8221; header_4_font_size_tablet=&#8221;3vw&#8221; header_4_font_size_phone=&#8221;4vw&#8221;]<\/p>\n<h1 class=\"elementor-heading-title elementor-size-default\">RF &#8211; Behandling<\/h1>\n<h4>Fornyelse av huden med radiob\u00f8lger<\/h4>\n<p>[\/et_pb_text][\/et_pb_column][\/et_pb_row][\/et_pb_section][et_pb_section fb_built=&#8221;1&#8243; admin_label=&#8221;Services&#8221; _builder_version=&#8221;4.4.7&#8243; background_color=&#8221;rgba(0,0,0,0)&#8221; custom_padding=&#8221;0px|||||&#8221;][et_pb_row column_structure=&#8221;2_3,1_3&#8243; use_custom_gutter=&#8221;on&#8221; make_equal=&#8221;on&#8221; custom_padding_last_edited=&#8221;on|desktop&#8221; _builder_version=&#8221;4.7.3&#8243; width=&#8221;100%&#8221; custom_margin=&#8221;-2%||||false|false&#8221; custom_margin_tablet=&#8221;0%||||false|false&#8221; custom_margin_phone=&#8221;&#8221; custom_margin_last_edited=&#8221;on|tablet&#8221; custom_padding=&#8221;2%||||false|true&#8221; custom_padding_tablet=&#8221;4%|20%|0%|20%|false|true&#8221; custom_padding_phone=&#8221;|0%|0%|0%|false|true&#8221; hover_enabled=&#8221;0&#8243; box_shadow_style=&#8221;preset4&#8243; box_shadow_horizontal=&#8221;0px&#8221; box_shadow_vertical=&#8221;0px&#8221; box_shadow_spread=&#8221;1px&#8221; box_shadow_color=&#8221;#000000&#8243; sticky_enabled=&#8221;0&#8243; background_color=&#8221;rgba(255,255,255,0.63)&#8221;][et_pb_column type=&#8221;2_3&#8243; _builder_version=&#8221;4.7.3&#8243; custom_padding=&#8221;5%|2%|5%|2%|true|true&#8221; custom_padding_tablet=&#8221;&#8221; custom_padding_phone=&#8221;5%|2%|5%|2%|true|true&#8221; custom_padding_last_edited=&#8221;on|desktop&#8221; hover_enabled=&#8221;0&#8243; border_color_all=&#8221;#7cc68d&#8221; background_enable_color=&#8221;off&#8221; sticky_enabled=&#8221;0&#8243;][et_pb_text content_tablet=&#8221;&#8221; content_phone=&#8221;<\/p>\n<h4 style=%22text-align: center;%22>Oppstramming og Spenstigere Hud<\/h4>\n<p style=%22text-align: center;%22>RF-behandling er en velpr\u00f8vd teknologi <c-wiz jsrenderer=%22WFss9b%22 class=%22P6w8m BDJ8fb BLojaf%22 aria-labelledby=%22c43%22 role=%22region%22 jsshadow=%22%22 jsdata=%22deferred-c44%22 data-p=%22%.@.%93%22 jscontroller=%22pPThOe%22 jsaction=%22cVBjOb:R39vXe,IUcju,SJbMmc,SsILKe,jsOQJc,e5Ystc,AZZyxc;LHU2xc:Yihg0b,Wm5pEd;qDGYgb:zX13ie;yZ6OX:QUCxlc,RHer4;eLAnNe:yz7ijf;F5MSFd:twqeXd;UgEtGb:hQ7xdc,j0ySHf;qE2zJe:WOjgW;fBzasf:YoknPd;Qz4V0b:hQ7xdc;h5CHLc:RnmhLc;AwBmXe:OzU88,ZKzul;Q1tZlf:YEdRcb,BwbFIf;lUENBf:CK2cEd;%22 data-node-index=%225;0%22 jsmodel=%22hc6Ubd%22><span class=%22VIiyi%22 jsaction=%22mouseup:BR6jm%22 jsname=%22jqKxS%22 lang=%22no%22><span jsaction=%22agoMJf:PFBcW;usxOmf:aWLT7;jhKsnd:P7O7bd,F8DmGf;Q4AGo:Gm7gYd,qAKMYb;uFUCPb:pvnm0e,pfE8Hb,PFBcW;f56efd:dJXsye;EnoYf:KNzws,ZJsZZ,JgVSJc;zdMJQc:cCQNKb,ZJsZZ,zchEXc;Ytrrj:JJDvdc;tNR8yc:GeFvjb;oFN6Ye:hij5Wb%22 jscontroller=%22Zl5N8%22 jsmodel=%22SsMkhd%22 jsname=%22txFAF%22 class=%22JLqJ4b ChMk0b%22 data-language-for-alternatives=%22no%22 data-language-to-translate-into=%22sv%22 data-phrase-index=%220%22 jsdata=%22uqLsIf;_;$39%22><span jsaction=%22click:qtZ4nf,GFf3ac,tMZCfe; mousedown:evWYGf,niacOc; mouseout:Nqw7Te; mouseover:qtZ4nf,c2aHje%22 jsname=%22W297wb%22>basert p\u00e5 en smertefri radiofrekvens. Det er en ikke-kirurgisk metode<\/span><\/span><\/span><\/c-wiz> for \u00e5 f\u00e5 fastere og strammere hud -et alternativ til behandlinger som laser mot rynker og kirurgiske behandlinger som ansiktsl\u00f8ft. <span>Radiofrekvens har v\u00e6rt brukt i medisinske og estetiske behandlinger i en \u00e5rrekke, og er regnet som sv\u00e6rt trygge. <\/span>Radiob\u00f8lgene reduserer forekomsten av cellulitter og fettceller, og styrker hudens elastisitet. Ved \u00e5 starte tidlig: 40+ s\u00e5 <span>kan litt av aldringseffekten utsettes. Behandlingen passer for alle hudtyper og etnisiteter og passer for b\u00e5de ansikt og kropp ( rompe, hofte, l\u00e5r, mage). <\/span><\/p>\n<p>&#8221; content_last_edited=&#8221;on|phone&#8221; _builder_version=&#8221;4.7.3&#8243; _module_preset=&#8221;default&#8221; text_font_size=&#8221;18px&#8221; text_line_height=&#8221;1.4em&#8221; header_font=&#8221;|600|||||||&#8221; header_4_font=&#8221;||||||||&#8221; header_4_text_color=&#8221;#f19c79&#8243; header_4_font_size=&#8221;1.2vw&#8221; custom_margin=&#8221;|0px||0px|false|true&#8221; custom_padding=&#8221;|0px||0px|false|true&#8221; custom_padding_tablet=&#8221;&#8221; custom_padding_phone=&#8221;|2%||2%|false|true&#8221; custom_padding_last_edited=&#8221;on|phone&#8221; hover_enabled=&#8221;0&#8243; text_font_size_tablet=&#8221;&#8221; text_font_size_phone=&#8221;17px&#8221; text_font_size_last_edited=&#8221;on|phone&#8221; header_4_font_size_tablet=&#8221;3vw&#8221; header_4_font_size_phone=&#8221;4vw&#8221; header_4_font_size_last_edited=&#8221;on|desktop&#8221; header_4_line_height=&#8221;1.2em&#8221; sticky_enabled=&#8221;0&#8243; text_text_color=&#8221;#4c5b5c&#8221;]<\/p>\n<h4>Oppstramming og Spenstigere Hud<\/h4>\n<p>RF-behandling er en velpr\u00f8vd teknologi <c-wiz jsrenderer=\"WFss9b\" class=\"P6w8m BDJ8fb BLojaf\" aria-labelledby=\"c43\" role=\"region\" jsshadow=\"\" jsdata=\"deferred-c44\" data-p=\"%.@.]\" jscontroller=\"pPThOe\" jsaction=\"cVBjOb:R39vXe,IUcju,SJbMmc,SsILKe,jsOQJc,e5Ystc,AZZyxc;LHU2xc:Yihg0b,Wm5pEd;qDGYgb:zX13ie;yZ6OX:QUCxlc,RHer4;eLAnNe:yz7ijf;F5MSFd:twqeXd;UgEtGb:hQ7xdc,j0ySHf;qE2zJe:WOjgW;fBzasf:YoknPd;Qz4V0b:hQ7xdc;h5CHLc:RnmhLc;AwBmXe:OzU88,ZKzul;Q1tZlf:YEdRcb,BwbFIf;lUENBf:CK2cEd;\" data-node-index=\"5;0\" jsmodel=\"hc6Ubd\"><span class=\"VIiyi\" jsaction=\"mouseup:BR6jm\" jsname=\"jqKxS\" lang=\"no\"><span jsaction=\"agoMJf:PFBcW;usxOmf:aWLT7;jhKsnd:P7O7bd,F8DmGf;Q4AGo:Gm7gYd,qAKMYb;uFUCPb:pvnm0e,pfE8Hb,PFBcW;f56efd:dJXsye;EnoYf:KNzws,ZJsZZ,JgVSJc;zdMJQc:cCQNKb,ZJsZZ,zchEXc;Ytrrj:JJDvdc;tNR8yc:GeFvjb;oFN6Ye:hij5Wb\" jscontroller=\"Zl5N8\" jsmodel=\"SsMkhd\" jsname=\"txFAF\" class=\"JLqJ4b ChMk0b\" data-language-for-alternatives=\"no\" data-language-to-translate-into=\"sv\" data-phrase-index=\"0\" jsdata=\"uqLsIf;_;$39\"><span jsaction=\"click:qtZ4nf,GFf3ac,tMZCfe; mousedown:evWYGf,niacOc; mouseout:Nqw7Te; mouseover:qtZ4nf,c2aHje\" jsname=\"W297wb\">basert p\u00e5 en smertefri radiofrekvens. Det er en ikke-kirurgisk metode<\/span><\/span><\/span><\/c-wiz>\u00a0for \u00e5 f\u00e5 fastere og strammere hud -et alternativ til behandlinger som laser mot rynker og kirurgiske behandlinger som ansiktsl\u00f8ft. <span>Radiofrekvens har v\u00e6rt brukt i medisinske og estetiske behandlinger i en \u00e5rrekke, og er regnet som sv\u00e6rt trygge.\u00a0<\/span>Radiob\u00f8lgene reduserer forekomsten av cellulitter og fettceller, og styrker hudens elastisitet. Ved \u00e5 starte tidlig: 40+ s\u00e5\u00a0<span>kan litt av aldringseffekten utsettes.\u00a0Behandlingen passer for alle hudtyper og etnisiteter og passer\u00a0for b\u00e5de ansikt og kropp ( rompe, hofte, l\u00e5r, mage). <\/span><\/p>\n<p>[\/et_pb_text][et_pb_text _builder_version=&#8221;4.7.0&#8243; _module_preset=&#8221;default&#8221; text_font_size=&#8221;18px&#8221; text_line_height=&#8221;1.4em&#8221; header_font=&#8221;|600|||||||&#8221; header_4_font=&#8221;||||||||&#8221; header_4_text_color=&#8221;#f19c79&#8243; header_4_font_size=&#8221;1.2vw&#8221; custom_margin=&#8221;|0px||0px|false|true&#8221; custom_padding=&#8221;|0px||0px|false|true&#8221; custom_padding_tablet=&#8221;&#8221; custom_padding_phone=&#8221;|2%||2%|false|true&#8221; custom_padding_last_edited=&#8221;on|phone&#8221; text_font_size_tablet=&#8221;&#8221; text_font_size_phone=&#8221;17px&#8221; text_font_size_last_edited=&#8221;on|phone&#8221; header_4_font_size_tablet=&#8221;3vw&#8221; header_4_font_size_phone=&#8221;4vw&#8221; header_4_font_size_last_edited=&#8221;on|desktop&#8221; header_4_line_height=&#8221;1.2em&#8221; text_text_color=&#8221;#4c5b5c&#8221;]<\/p>\n<h4>Nedbrytning av Fettvev<\/h4>\n<p>RF bruker radiofrekvenser for \u00e5 varme opp huden. Temperaturniv\u00e5et opprettholdes i en periode, noe som resulterer i nedbrytning av fettvev, mens hudcellene blir liggende intakte ved at huden nedkj\u00f8les samtidig. Kroppens lymfesystem tar h\u00e5nd om det oppl\u00f8ste fettet, og oppvarmingsprosessen stimulerer nytt kollagen som hjelper til med \u00e5 stramme huden.<\/p>\n<p>[\/et_pb_text][et_pb_text _builder_version=&#8221;4.7.0&#8243; _module_preset=&#8221;default&#8221; text_font_size=&#8221;18px&#8221; text_line_height=&#8221;1.4em&#8221; header_font=&#8221;|600|||||||&#8221; header_4_font=&#8221;||||||||&#8221; header_4_text_color=&#8221;#f19c79&#8243; header_4_font_size=&#8221;1.2vw&#8221; custom_margin=&#8221;|0px||0px|false|true&#8221; custom_padding=&#8221;|0px||0px|false|true&#8221; custom_padding_tablet=&#8221;&#8221; custom_padding_phone=&#8221;|2%||2%|false|true&#8221; custom_padding_last_edited=&#8221;on|phone&#8221; text_font_size_tablet=&#8221;&#8221; text_font_size_phone=&#8221;17px&#8221; text_font_size_last_edited=&#8221;on|phone&#8221; header_4_font_size_tablet=&#8221;3vw&#8221; header_4_font_size_phone=&#8221;4vw&#8221; header_4_font_size_last_edited=&#8221;on|desktop&#8221; header_4_line_height=&#8221;1.2em&#8221; text_text_color=&#8221;#4c5b5c&#8221;]<\/p>\n<h4>Antall Behandlinger og Resultater<\/h4>\n<p>Enkelte rapporterer om forbedringer allerede etter en eller to behandlings\u00f8kter, men\u00a0for \u00e5 oppn\u00e5 optimale resultater trenger\u00a0<span>de fleste mellom tre til fire behandlinger per omr\u00e5de, med ca \u00e9n m\u00e5neds mellomrom.<\/span>\u00a0RF b\u00f8r betraktes som en figurforming i motsetning til et vekttapsprogram.<\/p>\n<p>[\/et_pb_text][\/et_pb_column][et_pb_column type=&#8221;1_3&#8243; _builder_version=&#8221;4.7.3&#8243; custom_padding=&#8221;5%|2%|5%|2%|true|true&#8221; custom_padding_tablet=&#8221;2%||2%||true|true&#8221; custom_padding_phone=&#8221;30px|0%|30px|0%|true|true&#8221; custom_padding_last_edited=&#8221;on|phone&#8221; hover_enabled=&#8221;0&#8243; border_color_all=&#8221;#7cc68d&#8221; background_enable_color=&#8221;off&#8221; sticky_enabled=&#8221;0&#8243;][et_pb_text _builder_version=&#8221;4.7.3&#8243; _module_preset=&#8221;default&#8221; text_text_color=&#8221;#4c5b5c&#8221; text_font_size=&#8221;18px&#8221; custom_padding=&#8221;|0px||0px|false|true&#8221; text_font_size_phone=&#8221;17px&#8221; text_font_size_last_edited=&#8221;on|phone&#8221; text_line_height=&#8221;1.4em&#8221; header_font=&#8221;|600|||||||&#8221; header_4_font=&#8221;||||||||&#8221; header_4_text_color=&#8221;#f19c79&#8243; header_4_font_size=&#8221;1.2vw&#8221; header_4_font_size_tablet=&#8221;3vw&#8221; header_4_font_size_phone=&#8221;4vw&#8221; header_4_font_size_last_edited=&#8221;on|desktop&#8221; custom_margin=&#8221;|0px||0px|false|true&#8221; custom_padding_phone=&#8221;|2%||2%|false|true&#8221; custom_padding_last_edited=&#8221;on|phone&#8221; header_4_line_height=&#8221;1.2em&#8221; hover_enabled=&#8221;0&#8243; sticky_enabled=&#8221;0&#8243;]<\/p>\n<ul>\n<li>Redusere rynker og fine linjer<\/li>\n<li>Bedre akne og aknearr<\/li>\n<li>Gi en strammere hud<\/li>\n<li>Bedre hudens tekstur og porer<\/li>\n<li>Behandle strekkmerker og arr<\/li>\n<li>Redusere cellulitter<\/li>\n<li>Figurforming<\/li>\n<li>Fjerne pigmentflekker<\/li>\n<li><span>Oppstramming af dobbelthake<\/span><\/li>\n<li><span>Oppstramming af mormor-armer<\/span><\/li>\n<li><span>Reduksjon av poser under \u00f8ynene<\/span><\/li>\n<li><span>Stimulering av blodsirkulasjon<\/span><span><\/span><\/li>\n<\/ul>\n<p>[\/et_pb_text][et_pb_image src=&#8221;https:\/\/www.medoslo.no\/tkm\/wp-content\/uploads\/2020\/11\/RF-Behandling-1.jpg&#8221; title_text=&#8221;RF-Behandling-1&#8243; _builder_version=&#8221;4.7.0&#8243; _module_preset=&#8221;default&#8221;][\/et_pb_image][\/et_pb_column][\/et_pb_row][\/et_pb_section]<\/p>\n","protected":false},"excerpt":{"rendered":"<p>RF &#8211; Behandling Fornyelse av huden med radiob\u00f8lger Oppstramming og Spenstigere Hud RF-behandling er en velpr\u00f8vd teknologi basert p\u00e5 en smertefri radiofrekvens. Det er en ikke-kirurgisk metode\u00a0for \u00e5 f\u00e5 fastere og strammere hud -et alternativ til behandlinger som laser mot rynker og kirurgiske behandlinger som ansiktsl\u00f8ft. Radiofrekvens har v\u00e6rt brukt i medisinske og estetiske behandlinger [&hellip;]<\/p>\n","protected":false},"author":1,"featured_media":0,"parent":0,"menu_order":0,"comment_status":"closed","ping_status":"closed","template":"","meta":{"_et_pb_use_builder":"on","_et_pb_old_content":"","_et_gb_content_width":""},"_links":{"self":[{"href":"https:\/\/www.medoslo.no\/tkm\/wp-json\/wp\/v2\/pages\/1105"}],"collection":[{"href":"https:\/\/www.medoslo.no\/tkm\/wp-json\/wp\/v2\/pages"}],"about":[{"href":"https:\/\/www.medoslo.no\/tkm\/wp-json\/wp\/v2\/types\/page"}],"author":[{"embeddable":true,"href":"https:\/\/www.medoslo.no\/tkm\/wp-json\/wp\/v2\/users\/1"}],"replies":[{"embeddable":true,"href":"https:\/\/www.medoslo.no\/tkm\/wp-json\/wp\/v2\/comments?post=1105"}],"version-history":[{"count":9,"href":"https:\/\/www.medoslo.no\/tkm\/wp-json\/wp\/v2\/pages\/1105\/revisions"}],"predecessor-version":[{"id":1455,"href":"https:\/\/www.medoslo.no\/tkm\/wp-json\/wp\/v2\/pages\/1105\/revisions\/1455"}],"wp:attachment":[{"href":"https:\/\/www.medoslo.no\/tkm\/wp-json\/wp\/v2\/media?parent=1105"}],"curies":[{"name":"wp","href":"https:\/\/api.w.org\/{rel}","templated":true}]}}